{"id":2558,"date":"2015-12-28T10:30:23","date_gmt":"2015-12-28T08:30:23","guid":{"rendered":"https:\/\/risellabaltics.com\/etusivu\/"},"modified":"2021-05-27T12:34:30","modified_gmt":"2021-05-27T09:34:30","slug":"etusivu","status":"publish","type":"page","link":"https:\/\/risellabaltics.com\/lv\/","title":{"rendered":"M\u0101jas"},"content":{"rendered":"<p>Etusivu<\/p>\n","protected":false},"excerpt":{"rendered":"<p>Etusivu<\/p>\n","protected":false},"author":5,"featured_media":0,"parent":0,"menu_order":0,"comment_status":"closed","ping_status":"open","template":"","meta":{"_acf_changed":false,"footnotes":""},"class_list":["post-2558","page","type-page","status-publish","hentry"],"acf":[],"yoast_head":"<!-- This site is optimized with the Yoast SEO plugin v27.2 - https:\/\/yoast.com\/product\/yoast-seo-wordpress\/ -->\n<title>R\u012bsi k\u0101 r\u012bsi ir uz Risella<\/title>\n<meta name=\"description\" content=\"R\u012bsi k\u0101 r\u012bsi ir uz Risella\" \/>\n<meta name=\"robots\" content=\"index, follow, max-snippet:-1, max-image-preview:large, max-video-preview:-1\" \/>\n<link rel=\"canonical\" href=\"https:\/\/risellabaltics.com\/lv\/\" \/>\n<meta property=\"og:locale\" content=\"lv_LV\" \/>\n<meta property=\"og:type\" content=\"article\" \/>\n<meta property=\"og:title\" content=\"R\u012bsi k\u0101 r\u012bsi ir uz Risella\" \/>\n<meta property=\"og:description\" content=\"R\u012bsi k\u0101 r\u012bsi ir uz Risella\" \/>\n<meta property=\"og:url\" content=\"https:\/\/risellabaltics.com\/lv\/\" \/>\n<meta property=\"og:site_name\" content=\"Risella Baltics\" \/>\n<meta property=\"article:modified_time\" content=\"2021-05-27T09:34:30+00:00\" \/>\n<meta name=\"twitter:card\" content=\"summary_large_image\" \/>\n<script type=\"application\/ld+json\" class=\"yoast-schema-graph\">{\"@context\":\"https:\/\/schema.org\",\"@graph\":[{\"@type\":\"WebPage\",\"@id\":\"https:\/\/risellabaltics.com\/lv\/\",\"url\":\"https:\/\/risellabaltics.com\/lv\/\",\"name\":\"R\u012bsi k\u0101 r\u012bsi ir uz Risella\",\"isPartOf\":{\"@id\":\"https:\/\/risellabaltics.com\/lv\/#website\"},\"datePublished\":\"2015-12-28T08:30:23+00:00\",\"dateModified\":\"2021-05-27T09:34:30+00:00\",\"description\":\"R\u012bsi k\u0101 r\u012bsi ir uz Risella\",\"breadcrumb\":{\"@id\":\"https:\/\/risellabaltics.com\/lv\/#breadcrumb\"},\"inLanguage\":\"lv-LV\",\"potentialAction\":[{\"@type\":\"ReadAction\",\"target\":[\"https:\/\/risellabaltics.com\/lv\/\"]}]},{\"@type\":\"BreadcrumbList\",\"@id\":\"https:\/\/risellabaltics.com\/lv\/#breadcrumb\",\"itemListElement\":[{\"@type\":\"ListItem\",\"position\":1,\"name\":\"Home\",\"item\":\"https:\/\/risellabaltics.com\/lv\/\"},{\"@type\":\"ListItem\",\"position\":2,\"name\":\"M\u0101jas\"}]},{\"@type\":\"WebSite\",\"@id\":\"https:\/\/risellabaltics.com\/lv\/#website\",\"url\":\"https:\/\/risellabaltics.com\/lv\/\",\"name\":\"Risella Baltics\",\"description\":\"\",\"publisher\":{\"@id\":\"https:\/\/risellabaltics.com\/lv\/#organization\"},\"potentialAction\":[{\"@type\":\"SearchAction\",\"target\":{\"@type\":\"EntryPoint\",\"urlTemplate\":\"https:\/\/risellabaltics.com\/lv\/?s={search_term_string}\"},\"query-input\":{\"@type\":\"PropertyValueSpecification\",\"valueRequired\":true,\"valueName\":\"search_term_string\"}}],\"inLanguage\":\"lv-LV\"},{\"@type\":\"Organization\",\"@id\":\"https:\/\/risellabaltics.com\/lv\/#organization\",\"name\":\"Risella\",\"url\":\"https:\/\/risellabaltics.com\/lv\/\",\"logo\":{\"@type\":\"ImageObject\",\"inLanguage\":\"lv-LV\",\"@id\":\"https:\/\/risellabaltics.com\/lv\/#\/schema\/logo\/image\/\",\"url\":\"https:\/\/risellabaltics.com\/wp-content\/uploads\/2021\/03\/logo-risella.png\",\"contentUrl\":\"https:\/\/risellabaltics.com\/wp-content\/uploads\/2021\/03\/logo-risella.png\",\"width\":308,\"height\":177,\"caption\":\"Risella\"},\"image\":{\"@id\":\"https:\/\/risellabaltics.com\/lv\/#\/schema\/logo\/image\/\"}}]}<\/script>\n<!-- \/ Yoast SEO plugin. -->","yoast_head_json":{"title":"R\u012bsi k\u0101 r\u012bsi ir uz Risella","description":"R\u012bsi k\u0101 r\u012bsi ir uz Risella","robots":{"index":"index","follow":"follow","max-snippet":"max-snippet:-1","max-image-preview":"max-image-preview:large","max-video-preview":"max-video-preview:-1"},"canonical":"https:\/\/risellabaltics.com\/lv\/","og_locale":"lv_LV","og_type":"article","og_title":"R\u012bsi k\u0101 r\u012bsi ir uz Risella","og_description":"R\u012bsi k\u0101 r\u012bsi ir uz Risella","og_url":"https:\/\/risellabaltics.com\/lv\/","og_site_name":"Risella Baltics","article_modified_time":"2021-05-27T09:34:30+00:00","twitter_card":"summary_large_image","schema":{"@context":"https:\/\/schema.org","@graph":[{"@type":"WebPage","@id":"https:\/\/risellabaltics.com\/lv\/","url":"https:\/\/risellabaltics.com\/lv\/","name":"R\u012bsi k\u0101 r\u012bsi ir uz Risella","isPartOf":{"@id":"https:\/\/risellabaltics.com\/lv\/#website"},"datePublished":"2015-12-28T08:30:23+00:00","dateModified":"2021-05-27T09:34:30+00:00","description":"R\u012bsi k\u0101 r\u012bsi ir uz Risella","breadcrumb":{"@id":"https:\/\/risellabaltics.com\/lv\/#breadcrumb"},"inLanguage":"lv-LV","potentialAction":[{"@type":"ReadAction","target":["https:\/\/risellabaltics.com\/lv\/"]}]},{"@type":"BreadcrumbList","@id":"https:\/\/risellabaltics.com\/lv\/#breadcrumb","itemListElement":[{"@type":"ListItem","position":1,"name":"Home","item":"https:\/\/risellabaltics.com\/lv\/"},{"@type":"ListItem","position":2,"name":"M\u0101jas"}]},{"@type":"WebSite","@id":"https:\/\/risellabaltics.com\/lv\/#website","url":"https:\/\/risellabaltics.com\/lv\/","name":"Risella Baltics","description":"","publisher":{"@id":"https:\/\/risellabaltics.com\/lv\/#organization"},"potentialAction":[{"@type":"SearchAction","target":{"@type":"EntryPoint","urlTemplate":"https:\/\/risellabaltics.com\/lv\/?s={search_term_string}"},"query-input":{"@type":"PropertyValueSpecification","valueRequired":true,"valueName":"search_term_string"}}],"inLanguage":"lv-LV"},{"@type":"Organization","@id":"https:\/\/risellabaltics.com\/lv\/#organization","name":"Risella","url":"https:\/\/risellabaltics.com\/lv\/","logo":{"@type":"ImageObject","inLanguage":"lv-LV","@id":"https:\/\/risellabaltics.com\/lv\/#\/schema\/logo\/image\/","url":"https:\/\/risellabaltics.com\/wp-content\/uploads\/2021\/03\/logo-risella.png","contentUrl":"https:\/\/risellabaltics.com\/wp-content\/uploads\/2021\/03\/logo-risella.png","width":308,"height":177,"caption":"Risella"},"image":{"@id":"https:\/\/risellabaltics.com\/lv\/#\/schema\/logo\/image\/"}}]}},"_links":{"self":[{"href":"https:\/\/risellabaltics.com\/lv\/wp-json\/wp\/v2\/pages\/2558","targetHints":{"allow":["GET"]}}],"collection":[{"href":"https:\/\/risellabaltics.com\/lv\/wp-json\/wp\/v2\/pages"}],"about":[{"href":"https:\/\/risellabaltics.com\/lv\/wp-json\/wp\/v2\/types\/page"}],"author":[{"embeddable":true,"href":"https:\/\/risellabaltics.com\/lv\/wp-json\/wp\/v2\/users\/5"}],"replies":[{"embeddable":true,"href":"https:\/\/risellabaltics.com\/lv\/wp-json\/wp\/v2\/comments?post=2558"}],"version-history":[{"count":4,"href":"https:\/\/risellabaltics.com\/lv\/wp-json\/wp\/v2\/pages\/2558\/revisions"}],"predecessor-version":[{"id":2621,"href":"https:\/\/risellabaltics.com\/lv\/wp-json\/wp\/v2\/pages\/2558\/revisions\/2621"}],"wp:attachment":[{"href":"https:\/\/risellabaltics.com\/lv\/wp-json\/wp\/v2\/media?parent=2558"}],"curies":[{"name":"wp","href":"https:\/\/api.w.org\/{rel}","templated":true}]}}