{"id":2536,"date":"2019-11-22T16:30:57","date_gmt":"2019-11-22T14:30:57","guid":{"rendered":"https:\/\/risellabaltics.com\/jatkusuutlik\/"},"modified":"2021-07-26T10:58:19","modified_gmt":"2021-07-26T07:58:19","slug":"ilgtspejiba","status":"publish","type":"page","link":"https:\/\/risellabaltics.com\/lv\/ilgtspejiba\/","title":{"rendered":"Ilgtsp\u0113j\u012bba"},"content":{"rendered":"<h1>RISELLA R\u016aP\u0112JAS PAR VIDI<\/h1>\n<p>Risella ir videi draudz\u012bgs uz\u0146\u0113mums. M\u0113s esam ap\u0146\u0113mu\u0161ies iev\u0113rot ANO ilgtsp\u0113j\u012bgas att\u012bst\u012bbas programmu, lai plan\u0113ta k\u013c\u016btu t\u012br\u0101ka un vesel\u012bg\u0101ka.<\/p>\n<h2>R\u012aSU DZ\u012aVES CIKLS<\/h2>\n<p>Risella r\u012bsu dz\u012bves cikls ietver tr\u012bs galvenos posmus:<\/p>\n<ol>\n<li>Audz\u0113\u0161ana. \u0160aj\u0101 posm\u0101 ietilpst viss, kas saist\u012bts ar pirmajiem r\u012bsu audz\u0113\u0161anas posmiem lauksaimnieka laukos: s\u0113\u0161ana, ap\u016bde\u0146o\u0161ana, m\u0113slo\u0161ana, aizsardz\u012bba, ra\u017eas nov\u0101k\u0161ana un transport\u0113\u0161ana uz Risella r\u016bpn\u012bc\u0101m.<\/li>\n<li>R\u016bpn\u012bca. \u0160eit r\u012bsi tiek apstr\u0101d\u0101ti, lai tie b\u016btu piem\u0113roti pat\u0113r\u0113t\u0101jam. Tie tiek \u017e\u0101v\u0113ti, att\u012br\u012bti, samalti un iepakoti pieg\u0101dei uz tirdzniec\u012bbas vietu.<\/li>\n<li>Pat\u0113ri\u0146\u0161. Veicot da\u017eus vienk\u0101r\u0161us pas\u0101kumus m\u0101j\u0101s, varat samazin\u0101t r\u012bsu iepakojuma ietekmi uz vidi. P\u0101rstr\u0101d\u0101jiet iepakojumu, izvairieties no p\u0101rtikas iz\u0161\u0137\u0113rd\u0113\u0161anas un taupiet \u016bdeni un ener\u0123iju.<\/li>\n<\/ol>\n<p>&nbsp;<\/p>\n<h2>TAS \u013bAUJ JUMS B\u016aT ILGTSP\u0112J\u012aG\u0100KIEM M\u0100J\u0100S<\/h2>\n<p>Iesak\u0101m \u0146emt v\u0113r\u0101 \u0161\u012bs lietas, gatavojot r\u012bsus, jo pat nelielas darb\u012bbas ir svar\u012bgas.<\/p>\n<ul>\n<li>P\u0101rstr\u0101de. R\u012bsu iepako\u0161anai izmanto otrreiz\u0113ji p\u0101rstr\u0101d\u0101tu pap\u012bru.<\/li>\n<li>Taupiet \u016bdeni. 100% p\u0101rstr\u0101d\u0101ts \u016bdens. Izmantojiet \u016bdeni uzman\u012bgi un vienm\u0113r p\u0101rbaudiet, lai \u016bdens daudzums b\u016btu atbilsto\u0161s receptei.<\/li>\n<li>Ener\u0123ijas taup\u012b\u0161ana. Iev\u0113rojiet uz iepakojuma sniegtos gatavo\u0161anas nor\u0101d\u012bjumus. Lietojiet piem\u0113rota izm\u0113ra trauku, kura diametrs nav liel\u0101ks par virtuves katla diametru. Izmantojiet uzsild\u012b\u0161anas funkciju un da\u017eas min\u016btes pirms r\u012bsu gatavo\u0161anas izsl\u0113dziet pl\u012bti\u0146u.<\/li>\n<li>Izvairieties no p\u0101rtikas iz\u0161\u0137\u0113rd\u0113\u0161anas. Vienm\u0113r pagatavojiet tikai vajadz\u012bgo r\u012bsu daudzumu. Ja r\u012bsi ir paliku\u0161i p\u0101ri, izmantojiet tos kop\u0101 ar citiem \u0113dieniem.<\/li>\n<\/ul>\n<p><img loading=\"lazy\" decoding=\"async\" class=\"alignnone size-full wp-image-2570\" src=\"https:\/\/risellabaltics.com\/wp-content\/uploads\/2021\/05\/sostenibilidad-risella.jpg\" alt=\"sustainability\" width=\"1024\" height=\"576\" srcset=\"https:\/\/risellabaltics.com\/wp-content\/uploads\/2021\/05\/sostenibilidad-risella.jpg 1024w, https:\/\/risellabaltics.com\/wp-content\/uploads\/2021\/05\/sostenibilidad-risella-640x360.jpg 640w, https:\/\/risellabaltics.com\/wp-content\/uploads\/2021\/05\/sostenibilidad-risella-320x180.jpg 320w\" sizes=\"auto, (max-width: 1024px) 100vw, 1024px\" \/><\/p>\n","protected":false},"excerpt":{"rendered":"<p>RISELLA R\u016aP\u0112JAS PAR VIDI Risella ir videi draudz\u012bgs uz\u0146\u0113mums. M\u0113s esam ap\u0146\u0113mu\u0161ies iev\u0113rot ANO ilgtsp\u0113j\u012bgas att\u012bst\u012bbas programmu, lai plan\u0113ta k\u013c\u016btu t\u012br\u0101ka un vesel\u012bg\u0101ka. R\u012aSU DZ\u012aVES CIKLS Risella r\u012bsu dz\u012bves cikls ietver tr\u012bs galvenos posmus: Audz\u0113\u0161ana. \u0160aj\u0101 posm\u0101 ietilpst viss, kas saist\u012bts ar pirmajiem r\u012bsu audz\u0113\u0161anas posmiem lauksaimnieka laukos: s\u0113\u0161ana, ap\u016bde\u0146o\u0161ana, m\u0113slo\u0161ana, aizsardz\u012bba, ra\u017eas nov\u0101k\u0161ana un [&hellip;]<\/p>\n","protected":false},"author":5,"featured_media":0,"parent":0,"menu_order":0,"comment_status":"closed","ping_status":"closed","template":"","meta":{"_acf_changed":false,"footnotes":""},"class_list":["post-2536","page","type-page","status-publish","hentry"],"acf":[],"yoast_head":"<!-- This site is optimized with the Yoast SEO plugin v27.2 - https:\/\/yoast.com\/product\/yoast-seo-wordpress\/ -->\n<title>Ilgtsp\u0113j\u012bba - Risella Baltics<\/title>\n<meta name=\"description\" content=\"Risella ir videi draudz\u012bgs uz\u0146\u0113mums. M\u0113s esam ap\u0146\u0113mu\u0161ies iev\u0113rot ANO ilgtsp\u0113j\u012bgas att\u012bst\u012bbas programmu, lai plan\u0113ta k\u013c\u016btu t\u012br\u0101ka un vesel\u012bg\u0101ka.\" \/>\n<meta name=\"robots\" content=\"index, follow, max-snippet:-1, max-image-preview:large, max-video-preview:-1\" \/>\n<link rel=\"canonical\" href=\"https:\/\/risellabaltics.com\/lv\/ilgtspejiba\/\" \/>\n<meta property=\"og:locale\" content=\"lv_LV\" \/>\n<meta property=\"og:type\" content=\"article\" \/>\n<meta property=\"og:title\" content=\"Ilgtsp\u0113j\u012bba - Risella Baltics\" \/>\n<meta property=\"og:description\" content=\"Risella ir videi draudz\u012bgs uz\u0146\u0113mums. M\u0113s esam ap\u0146\u0113mu\u0161ies iev\u0113rot ANO ilgtsp\u0113j\u012bgas att\u012bst\u012bbas programmu, lai plan\u0113ta k\u013c\u016btu t\u012br\u0101ka un vesel\u012bg\u0101ka.\" \/>\n<meta property=\"og:url\" content=\"https:\/\/risellabaltics.com\/lv\/ilgtspejiba\/\" \/>\n<meta property=\"og:site_name\" content=\"Risella Baltics\" \/>\n<meta property=\"article:modified_time\" content=\"2021-07-26T07:58:19+00:00\" \/>\n<meta property=\"og:image\" content=\"https:\/\/risellabaltics.com\/wp-content\/uploads\/2021\/05\/sostenibilidad-risella.jpg\" \/>\n<meta name=\"twitter:card\" content=\"summary_large_image\" \/>\n<meta name=\"twitter:label1\" content=\"Est. reading time\" \/>\n\t<meta name=\"twitter:data1\" content=\"2 minutes\" \/>\n<script type=\"application\/ld+json\" class=\"yoast-schema-graph\">{\"@context\":\"https:\/\/schema.org\",\"@graph\":[{\"@type\":\"WebPage\",\"@id\":\"https:\/\/risellabaltics.com\/lv\/ilgtspejiba\/\",\"url\":\"https:\/\/risellabaltics.com\/lv\/ilgtspejiba\/\",\"name\":\"Ilgtsp\u0113j\u012bba - Risella Baltics\",\"isPartOf\":{\"@id\":\"https:\/\/risellabaltics.com\/lv\/#website\"},\"primaryImageOfPage\":{\"@id\":\"https:\/\/risellabaltics.com\/lv\/ilgtspejiba\/#primaryimage\"},\"image\":{\"@id\":\"https:\/\/risellabaltics.com\/lv\/ilgtspejiba\/#primaryimage\"},\"thumbnailUrl\":\"https:\/\/risellabaltics.com\/wp-content\/uploads\/2021\/05\/sostenibilidad-risella.jpg\",\"datePublished\":\"2019-11-22T14:30:57+00:00\",\"dateModified\":\"2021-07-26T07:58:19+00:00\",\"description\":\"Risella ir videi draudz\u012bgs uz\u0146\u0113mums. M\u0113s esam ap\u0146\u0113mu\u0161ies iev\u0113rot ANO ilgtsp\u0113j\u012bgas att\u012bst\u012bbas programmu, lai plan\u0113ta k\u013c\u016btu t\u012br\u0101ka un vesel\u012bg\u0101ka.\",\"breadcrumb\":{\"@id\":\"https:\/\/risellabaltics.com\/lv\/ilgtspejiba\/#breadcrumb\"},\"inLanguage\":\"lv-LV\",\"potentialAction\":[{\"@type\":\"ReadAction\",\"target\":[\"https:\/\/risellabaltics.com\/lv\/ilgtspejiba\/\"]}]},{\"@type\":\"ImageObject\",\"inLanguage\":\"lv-LV\",\"@id\":\"https:\/\/risellabaltics.com\/lv\/ilgtspejiba\/#primaryimage\",\"url\":\"https:\/\/risellabaltics.com\/wp-content\/uploads\/2021\/05\/sostenibilidad-risella.jpg\",\"contentUrl\":\"https:\/\/risellabaltics.com\/wp-content\/uploads\/2021\/05\/sostenibilidad-risella.jpg\"},{\"@type\":\"BreadcrumbList\",\"@id\":\"https:\/\/risellabaltics.com\/lv\/ilgtspejiba\/#breadcrumb\",\"itemListElement\":[{\"@type\":\"ListItem\",\"position\":1,\"name\":\"Home\",\"item\":\"https:\/\/risellabaltics.com\/lv\/\"},{\"@type\":\"ListItem\",\"position\":2,\"name\":\"Ilgtsp\u0113j\u012bba\"}]},{\"@type\":\"WebSite\",\"@id\":\"https:\/\/risellabaltics.com\/lv\/#website\",\"url\":\"https:\/\/risellabaltics.com\/lv\/\",\"name\":\"Risella Baltics\",\"description\":\"\",\"publisher\":{\"@id\":\"https:\/\/risellabaltics.com\/lv\/#organization\"},\"potentialAction\":[{\"@type\":\"SearchAction\",\"target\":{\"@type\":\"EntryPoint\",\"urlTemplate\":\"https:\/\/risellabaltics.com\/lv\/?s={search_term_string}\"},\"query-input\":{\"@type\":\"PropertyValueSpecification\",\"valueRequired\":true,\"valueName\":\"search_term_string\"}}],\"inLanguage\":\"lv-LV\"},{\"@type\":\"Organization\",\"@id\":\"https:\/\/risellabaltics.com\/lv\/#organization\",\"name\":\"Risella\",\"url\":\"https:\/\/risellabaltics.com\/lv\/\",\"logo\":{\"@type\":\"ImageObject\",\"inLanguage\":\"lv-LV\",\"@id\":\"https:\/\/risellabaltics.com\/lv\/#\/schema\/logo\/image\/\",\"url\":\"https:\/\/risellabaltics.com\/wp-content\/uploads\/2021\/03\/logo-risella.png\",\"contentUrl\":\"https:\/\/risellabaltics.com\/wp-content\/uploads\/2021\/03\/logo-risella.png\",\"width\":308,\"height\":177,\"caption\":\"Risella\"},\"image\":{\"@id\":\"https:\/\/risellabaltics.com\/lv\/#\/schema\/logo\/image\/\"}}]}<\/script>\n<!-- \/ Yoast SEO plugin. -->","yoast_head_json":{"title":"Ilgtsp\u0113j\u012bba - Risella Baltics","description":"Risella ir videi draudz\u012bgs uz\u0146\u0113mums. M\u0113s esam ap\u0146\u0113mu\u0161ies iev\u0113rot ANO ilgtsp\u0113j\u012bgas att\u012bst\u012bbas programmu, lai plan\u0113ta k\u013c\u016btu t\u012br\u0101ka un vesel\u012bg\u0101ka.","robots":{"index":"index","follow":"follow","max-snippet":"max-snippet:-1","max-image-preview":"max-image-preview:large","max-video-preview":"max-video-preview:-1"},"canonical":"https:\/\/risellabaltics.com\/lv\/ilgtspejiba\/","og_locale":"lv_LV","og_type":"article","og_title":"Ilgtsp\u0113j\u012bba - Risella Baltics","og_description":"Risella ir videi draudz\u012bgs uz\u0146\u0113mums. M\u0113s esam ap\u0146\u0113mu\u0161ies iev\u0113rot ANO ilgtsp\u0113j\u012bgas att\u012bst\u012bbas programmu, lai plan\u0113ta k\u013c\u016btu t\u012br\u0101ka un vesel\u012bg\u0101ka.","og_url":"https:\/\/risellabaltics.com\/lv\/ilgtspejiba\/","og_site_name":"Risella Baltics","article_modified_time":"2021-07-26T07:58:19+00:00","og_image":[{"url":"https:\/\/risellabaltics.com\/wp-content\/uploads\/2021\/05\/sostenibilidad-risella.jpg","type":"","width":"","height":""}],"twitter_card":"summary_large_image","twitter_misc":{"Est. reading time":"2 minutes"},"schema":{"@context":"https:\/\/schema.org","@graph":[{"@type":"WebPage","@id":"https:\/\/risellabaltics.com\/lv\/ilgtspejiba\/","url":"https:\/\/risellabaltics.com\/lv\/ilgtspejiba\/","name":"Ilgtsp\u0113j\u012bba - Risella Baltics","isPartOf":{"@id":"https:\/\/risellabaltics.com\/lv\/#website"},"primaryImageOfPage":{"@id":"https:\/\/risellabaltics.com\/lv\/ilgtspejiba\/#primaryimage"},"image":{"@id":"https:\/\/risellabaltics.com\/lv\/ilgtspejiba\/#primaryimage"},"thumbnailUrl":"https:\/\/risellabaltics.com\/wp-content\/uploads\/2021\/05\/sostenibilidad-risella.jpg","datePublished":"2019-11-22T14:30:57+00:00","dateModified":"2021-07-26T07:58:19+00:00","description":"Risella ir videi draudz\u012bgs uz\u0146\u0113mums. M\u0113s esam ap\u0146\u0113mu\u0161ies iev\u0113rot ANO ilgtsp\u0113j\u012bgas att\u012bst\u012bbas programmu, lai plan\u0113ta k\u013c\u016btu t\u012br\u0101ka un vesel\u012bg\u0101ka.","breadcrumb":{"@id":"https:\/\/risellabaltics.com\/lv\/ilgtspejiba\/#breadcrumb"},"inLanguage":"lv-LV","potentialAction":[{"@type":"ReadAction","target":["https:\/\/risellabaltics.com\/lv\/ilgtspejiba\/"]}]},{"@type":"ImageObject","inLanguage":"lv-LV","@id":"https:\/\/risellabaltics.com\/lv\/ilgtspejiba\/#primaryimage","url":"https:\/\/risellabaltics.com\/wp-content\/uploads\/2021\/05\/sostenibilidad-risella.jpg","contentUrl":"https:\/\/risellabaltics.com\/wp-content\/uploads\/2021\/05\/sostenibilidad-risella.jpg"},{"@type":"BreadcrumbList","@id":"https:\/\/risellabaltics.com\/lv\/ilgtspejiba\/#breadcrumb","itemListElement":[{"@type":"ListItem","position":1,"name":"Home","item":"https:\/\/risellabaltics.com\/lv\/"},{"@type":"ListItem","position":2,"name":"Ilgtsp\u0113j\u012bba"}]},{"@type":"WebSite","@id":"https:\/\/risellabaltics.com\/lv\/#website","url":"https:\/\/risellabaltics.com\/lv\/","name":"Risella Baltics","description":"","publisher":{"@id":"https:\/\/risellabaltics.com\/lv\/#organization"},"potentialAction":[{"@type":"SearchAction","target":{"@type":"EntryPoint","urlTemplate":"https:\/\/risellabaltics.com\/lv\/?s={search_term_string}"},"query-input":{"@type":"PropertyValueSpecification","valueRequired":true,"valueName":"search_term_string"}}],"inLanguage":"lv-LV"},{"@type":"Organization","@id":"https:\/\/risellabaltics.com\/lv\/#organization","name":"Risella","url":"https:\/\/risellabaltics.com\/lv\/","logo":{"@type":"ImageObject","inLanguage":"lv-LV","@id":"https:\/\/risellabaltics.com\/lv\/#\/schema\/logo\/image\/","url":"https:\/\/risellabaltics.com\/wp-content\/uploads\/2021\/03\/logo-risella.png","contentUrl":"https:\/\/risellabaltics.com\/wp-content\/uploads\/2021\/03\/logo-risella.png","width":308,"height":177,"caption":"Risella"},"image":{"@id":"https:\/\/risellabaltics.com\/lv\/#\/schema\/logo\/image\/"}}]}},"_links":{"self":[{"href":"https:\/\/risellabaltics.com\/lv\/wp-json\/wp\/v2\/pages\/2536","targetHints":{"allow":["GET"]}}],"collection":[{"href":"https:\/\/risellabaltics.com\/lv\/wp-json\/wp\/v2\/pages"}],"about":[{"href":"https:\/\/risellabaltics.com\/lv\/wp-json\/wp\/v2\/types\/page"}],"author":[{"embeddable":true,"href":"https:\/\/risellabaltics.com\/lv\/wp-json\/wp\/v2\/users\/5"}],"replies":[{"embeddable":true,"href":"https:\/\/risellabaltics.com\/lv\/wp-json\/wp\/v2\/comments?post=2536"}],"version-history":[{"count":3,"href":"https:\/\/risellabaltics.com\/lv\/wp-json\/wp\/v2\/pages\/2536\/revisions"}],"predecessor-version":[{"id":2727,"href":"https:\/\/risellabaltics.com\/lv\/wp-json\/wp\/v2\/pages\/2536\/revisions\/2727"}],"wp:attachment":[{"href":"https:\/\/risellabaltics.com\/lv\/wp-json\/wp\/v2\/media?parent=2536"}],"curies":[{"name":"wp","href":"https:\/\/api.w.org\/{rel}","templated":true}]}}