{"id":2613,"date":"2021-05-09T02:16:37","date_gmt":"2021-05-08T23:16:37","guid":{"rendered":"https:\/\/risellabaltics.com\/slapuku-politikoje\/"},"modified":"2021-05-25T20:10:35","modified_gmt":"2021-05-25T17:10:35","slug":"slapuku-politikoje","status":"publish","type":"page","link":"https:\/\/risellabaltics.com\/lt\/slapuku-politikoje\/","title":{"rendered":"Slapuk\u0173 politikoje"},"content":{"rendered":"<p>Domeeninimi: RISELLABALTICS.COM<br \/>\nEttev\u00f5tte nimi: HERBA RICEMILLS, SLU<br \/>\n\u00c4rinimi: RISELLA<br \/>\nRegistrij\u00e4rgne asukoht: C Real 43<br \/>\nRahvaarv: 41920 &#8211; San Juan de Aznalfarache (Sevilla)<br \/>\nK\u00e4ibemaksukohustuslasena registreerimise number: B-83157024<br \/>\nTelefon: (+34) 954 58 92 00<br \/>\nE-post: comercial@brillante.es<\/p>\n<ol>\n<li><strong> KAS YRA SLAPUKAI?<\/strong><\/li>\n<\/ol>\n<p>Slapukas &#8211; tai failas, kuris atsisiun\u010diamas \u012f j\u016bs\u0173 kompiuter\u012f, kai lankot\u0117s tam tikruose tinklalapiuose. Slapukai leid\u017eia svetainei, be kita ko, saugoti ir gauti informacij\u0105 apie naudotojo ar j\u016bs\u0173 kompiuterio nar\u0161ymo \u012fpro\u010dius ir, priklausomai nuo juose esan\u010dios informacijos ir j\u016bs\u0173 kompiuterio naudojimo b\u016bdo, gali b\u016bti naudojami naudotojui atpa\u017einti.<\/p>\n<ol start=\"2\">\n<li><strong> SLAPUK\u0172 TIPAI<\/strong><\/li>\n<\/ol>\n<p>Priklausomai nuo subjekto, kuris valdo \u012frang\u0105 arba domen\u0105, i\u0161 kurio siun\u010diami slapukai, ir tvarko gautus duomenis, galime i\u0161skirti:<\/p>\n<p>&#8211; <strong>Savi slapukai:<\/strong> tai slapukai, kurie siun\u010diami \u012f naudotojo galin\u0119 \u012frang\u0105 i\u0161 paties redaktoriaus valdomo kompiuterio ar domeno, i\u0161 kurio teikiama naudotojo pra\u0161oma paslauga. Jie taip pat vadinami pirmosios \u0161alies slapukais.<\/p>\n<p>&#8211; <strong>Tre\u010di\u0173j\u0173 \u0161ali\u0173 slapukai:<\/strong> tai slapukai, siun\u010diami \u012f naudotojo galin\u0119 \u012frang\u0105 i\u0161 kompiuterio ar domeno, kur\u012f valdo ne redaktorius, o kitas subjektas, kuris apdoroja slapuk\u0173 pagalba gautus duomenis. Jie taip pat vadinami tre\u010di\u0173j\u0173 \u0161ali\u0173 slapukais.<\/p>\n<p>Jei slapukai \u012fdiegiami i\u0161 paties redaktoriaus valdomo kompiuterio ar domeno, ta\u010diau j\u0173 surinkt\u0105 informacij\u0105 valdo tre\u010dioji \u0161alis, jie laikomi tre\u010diosios \u0161alies slapukais.<\/p>\n<p>Atsi\u017evelgiant \u012f tai, kiek laiko jie i\u0161lieka aktyvuoti galin\u0117je \u012frangoje, galima i\u0161skirti:<\/p>\n<p>&#8211; <strong>Sesijos slapukai:<\/strong> tai tam tikros r\u016b\u0161ies slapukai, skirti rinkti ir saugoti duomenis, kol naudotojas naudojasi tinklalapiu. Paprastai jie naudojami informacijai, kuri yra svarbi tik tam, kad b\u016bt\u0173 suteikta paslauga, kurios naudotojas papra\u0161\u0117 vien\u0105 kart\u0105 (pvz., \u012fsigyt\u0173 produkt\u0173 s\u0105ra\u0161as), saugoti. \u0160ie slapukai automati\u0161kai i\u0161trinami, kai naudotojas u\u017edaro nar\u0161ykl\u0119.<\/p>\n<p>&#8211; <strong>Nuolatiniai slapukai:<\/strong> Tai slapuk\u0173 r\u016b\u0161is, kai duomenys lieka i\u0161saugoti terminale ir gali b\u016bti pasiekiami bei apdorojami u\u017e slapuk\u0105 atsakingos \u0161alies nustatyt\u0105 laikotarp\u012f, kuris gali b\u016bti nuo keli\u0173 minu\u010di\u0173 iki keleri\u0173 met\u0173.<\/p>\n<p>Priklausomai nuo tikslo, kuriuo tvarkomi slapukais gauti duomenys, galime i\u0161skirti:<\/p>\n<p>&#8211; <strong>Techniniai slapukai:<\/strong> tai slapukai, kurie leid\u017eia naudotojui nar\u0161yti interneto svetain\u0117je, platformoje ar programoje ir naudotis \u012fvairiomis jos galimyb\u0117mis ar paslaugomis, pavyzd\u017eiui, kontroliuoti duomen\u0173 sraut\u0105 ir duomen\u0173 perdavim\u0105, identifikuoti sesij\u0105, pasiekti ribotos prieigos dalis, \u012fsiminti u\u017esakym\u0105 sudaran\u010dius elementus, naudotis saugumo funkcijomis nar\u0161ant arba dalytis turiniu per socialinius tinklus.<\/p>\n<p>&#8211; <strong>Pritaikymo slapukai:<\/strong> tai slapukai, kurie leid\u017eia naudotojui naudotis paslauga su tam tikromis bendromis funkcijomis, i\u0161 anksto nustatytomis pagal tam tikrus naudotojo terminalo kriterijus, pavyzd\u017eiui, kalb\u0105, nar\u0161ykl\u0117s, per kuri\u0105 naudojat\u0117s paslauga, tip\u0105, vietov\u0117s, i\u0161 kurios naudojat\u0117s paslauga, ir kt.<\/p>\n<p>&#8211; <strong>Analiz\u0117s slapukai:<\/strong> \u0161ie slapukai leid\u017eia u\u017e juos atsakingai \u0161aliai steb\u0117ti ir analizuoti interneto svetaini\u0173, su kuriomis jie yra susieti, naudotoj\u0173 elges\u012f. \u0160io tipo slapukais surinkta informacija naudojama svetaini\u0173, program\u0173 ar platform\u0173 veiklai vertinti ir \u0161i\u0173 svetaini\u0173, program\u0173 ir platform\u0173 naudotoj\u0173 nar\u0161ymo profiliams sudaryti, kad b\u016bt\u0173 galima atlikti patobulinimus, pagr\u012fstus paslaug\u0173 naudotoj\u0173 naudojimo duomen\u0173 analize.<\/p>\n<p>&#8211; <strong>Reklamos slapukai:<\/strong> tai slapukai, leid\u017eiantys kuo veiksmingiau valdyti reklamos vietas, kurias redaktorius prireikus \u012ftrauk\u0117 \u012f svetain\u0119, program\u0105 ar platform\u0105, i\u0161 kurios teikiama pra\u0161oma paslauga, remiantis tokiais kriterijais, kaip redaguojamas turinys ar reklamos rodymo da\u017enumas.<\/p>\n<p>&#8211; <strong>Elgesio reklamos slapukai:<\/strong> \u0161ie slapukai leid\u017eia kuo veiksmingiau valdyti reklamos vietas, kurias redaktorius prireikus \u012ftrauk\u0117 \u012f interneto svetain\u0119, taikom\u0105j\u0105 program\u0105 ar platform\u0105, i\u0161 kurios teikiama pra\u0161oma paslauga. \u0160iuose slapukuose saugoma informacija apie naudotojo elgsen\u0105, gauta nuolat stebint jo nar\u0161ymo \u012fpro\u010dius, tod\u0117l galima sukurti konkret\u0173 profil\u012f ir pagal j\u012f rodyti reklam\u0105.<\/p>\n<ol start=\"3\">\n<li><strong> NAUDOJAMI KOKIE\u010cIAI<\/strong><\/li>\n<\/ol>\n<p>Toliau pateiktoje lentel\u0117je nurodomi visi \u0161ioje svetain\u0117je naudojami slapukai, nurodant konkre\u010di\u0105 j\u0173 paskirt\u012f ir tai, ar slapuk\u0173 gaut\u0105 informacij\u0105 tvarko redaktorius ir (arba) tre\u010diosios \u0161alys, su kuriomis redaktorius yra sudar\u0119s sutart\u012f d\u0117l paslaug\u0173, kurioms teikti reikia naudoti slapukus, teikimo, nurodant pastar\u0105sias \u0161alis.<\/p>\n<table width=\"100%\">\n<tbody>\n<tr>\n<td width=\"16%\">Domenas<\/td>\n<td width=\"24%\">Slapuk\u0173 pavadinimas<\/td>\n<td width=\"16%\">Pirmoji dalis \/ Tre\u010dioji dalis<\/td>\n<td width=\"13%\">Galiojimo pabaiga<\/td>\n<td width=\"27%\">Tikslas<\/td>\n<\/tr>\n<tr>\n<td width=\"16%\">www.risellabaltics.com<\/td>\n<td width=\"24%\">moove_gdpr_popup<\/td>\n<td width=\"16%\">Pirmasis<\/td>\n<td width=\"13%\">Nuolatinis<\/td>\n<td width=\"27%\">Techninis slapukas, b\u016btinai reikalingas j\u016bs\u0173 nuostatoms d\u0117l sutikimo naudoti slapukus \u0161ioje svetain\u0117je saugoti.<\/td>\n<\/tr>\n<tr>\n<td width=\"16%\">.risellabaltics.com<\/td>\n<td width=\"24%\">_ga<\/td>\n<td width=\"16%\">Tre\u010diasis<\/td>\n<td width=\"13%\">Nuolatinis<\/td>\n<td width=\"27%\">Google Analytics slapukas, kuris \u012fgalina unikali\u0173 apsilankym\u0173 kontrol\u0117s funkcij\u0105. Pirm\u0105 kart\u0105 naudotojui nar\u0161ykle \u012f\u0117jus \u012f svetain\u0119, \u0161is slapukas bus \u012fdiegtas. Kai \u0161is naudotojas v\u0117l \u012feis \u012f svetain\u0119 su ta pa\u010dia nar\u0161ykle, slapukas laikys, kad tai tas pats naudotojas. Tik tuo atveju, jei naudotojas pakeis nar\u0161ykl\u0119, jis bus laikomas kitu naudotoju. Jis nustoja galioti pra\u0117jus 2 metams po paskutinio atnaujinimo.<\/td>\n<\/tr>\n<tr>\n<td width=\"16%\">.risellabaltics.com<\/td>\n<td width=\"24%\">_gat<\/td>\n<td width=\"16%\">Tre\u010diasis<\/td>\n<td width=\"13%\">Nuolatinis<\/td>\n<td width=\"27%\">Google Analytics slapukas, naudojamas siekiant apriboti duomen\u0173 rinkim\u0105 didelio srauto svetain\u0117se. Jis nustoja galioti po 10 minu\u010di\u0173.<\/td>\n<\/tr>\n<tr>\n<td width=\"16%\">.risellabaltics.com<\/td>\n<td width=\"24%\">_gid<\/td>\n<td width=\"16%\">Tre\u010diasis<\/td>\n<td width=\"13%\">Nuolatinis<\/td>\n<td width=\"27%\">Google Analytics slapukas, naudojamas naudotojams atskirti. Jis nustoja galioti po 24 valand\u0173.<\/td>\n<\/tr>\n<\/tbody>\n<\/table>\n<ol start=\"4\">\n<li><strong> I\u0160JUNGTI ARBA I\u0160TRINTI SLAPUKUS.<\/strong><\/li>\n<\/ol>\n<p>Savo kompiuteryje \u012fdiegtus slapukus galite leisti, blokuoti arba i\u0161trinti konfig\u016bruodami kompiuteryje \u012fdiegtos nar\u0161ykl\u0117s parinktis.<\/p>\n<p>Nar\u0161ykl\u0119 galima sukonfig\u016bruoti taip, kad ekrane b\u016bt\u0173 \u012fsp\u0117jama apie naujus slapukus ir neleist\u0173 j\u0173 \u012fdiegti.<\/p>\n<p>Naudotojas gali at\u0161aukti sutikim\u0105, duot\u0105 diegiant slapukus, ir juos i\u0161trinti.<\/p>\n<p>I\u0161trynus slapukus, kai kuriose svetain\u0117se gali b\u016bti i\u0161 dalies arba visi\u0161kai apribotos kai kurios paslaugos ar funkcijos.<\/p>\n<p>Kiekvien\u0105 nar\u0161ykl\u0119 galima nustatyti taip, kad ji priimt\u0173 arba atmest\u0173 visus slapukus arba pasirinkt\u0173 tuos, kuriuos leid\u017eiama \u012fdiegti, o kuri\u0173 &#8211; ne.<\/p>\n<p>Nuorodos \u012f puslapius, kuriuose pateikiama informacija, kaip konfig\u016bruoti pagrindines nar\u0161ykles, pateikiamos toliau:<\/p>\n<p>&#8211; <strong>&#8222;Microsoft Explorer&#8221;:<\/strong> <a href=\"http:\/\/windows.microsoft.com\/es-es\/internet-explorer\/ie-security-privacy-settings#ie=ie-11\">http:\/\/windows.microsoft.com\/es-es\/internet-explorer\/ie-security-privacy-settings#ie=ie-11<\/a><\/p>\n<p>&#8211; <strong>&#8222;Mozilla Firefox&#8221;:<\/strong> <a href=\"https:\/\/support.mozilla.org\/es\/kb\/habilitar-y-deshabilitar-cookies-sitios-web-rastrear-preferencias\">https:\/\/support.mozilla.org\/es\/kb\/habilitar-y-deshabilitar-cookies-sitios-web-rastrear-preferencias<\/a><\/p>\n<p>&#8211; <strong>&#8222;Google Chrome&#8221;:<\/strong> <a href=\"https:\/\/support.google.com\/chrome\/answer\/95647?hl=es\">https:\/\/support.google.com\/chrome\/answer\/95647?hl=es<\/a><\/p>\n<p>&#8211; <strong>Safari:<\/strong> <a href=\"http:\/\/support.apple.com\/kb\/HT1677?viewlocale=es_ES&amp;locale=es_ES\">http:\/\/support.apple.com\/kb\/HT1677?viewlocale=es_ES&amp;locale=es_ES<\/a><\/p>\n<p>&#8222;Google Analytics&#8221; atsisakymo nar\u0161ykl\u0117s papildin\u012f, kurio instrukcijas galima naudoti norint atmesti \u0161ios paslaugos analitinius slapukus visose nar\u0161ykl\u0117se, galima gauti per nuorod\u0105 <a href=\"https:\/\/tools.google.com\/dlpage\/gaoptout\">https:\/\/tools.google.com\/dlpage\/gaoptout<\/a>.<\/p>\n<p><strong>\u0160iame puslapyje galite susipa\u017einti su &#8222;Google&#8221; privatumo politika: <\/strong><a href=\"http:\/\/www.google.es\/intl\/es\/policies\/privacy\">http:\/\/www.google.es\/intl\/es\/policies\/privacy<\/a><\/p>\n<p><strong>\u0160iame puslapyje galite pamatyti, kaip &#8222;Google&#8221; naudoja slapukus: <\/strong><a href=\"http:\/\/www.google.com\/intl\/es\/policies\/technologies\/cookies\/\">http:\/\/www.google.com\/intl\/es\/policies\/technologies\/cookies\/<\/a><\/p>\n<p><strong>\u0160iame puslapyje galite pamatyti, koki\u0173 tip\u0173 slapukus naudoja &#8222;Google&#8221;: <\/strong><a href=\"http:\/\/www.google.com\/intl\/es\/policies\/technologies\/types\/\">http:\/\/www.google.com\/intl\/es\/policies\/technologies\/types\/<\/a><\/p>\n<p>&nbsp;<\/p>\n","protected":false},"excerpt":{"rendered":"<p>Domeeninimi: RISELLABALTICS.COM Ettev\u00f5tte nimi: HERBA RICEMILLS, SLU \u00c4rinimi: RISELLA Registrij\u00e4rgne asukoht: C Real 43 Rahvaarv: 41920 &#8211; San Juan de Aznalfarache (Sevilla) K\u00e4ibemaksukohustuslasena registreerimise number: B-83157024 Telefon: (+34) 954 58 92 00 E-post: comercial@brillante.es KAS YRA SLAPUKAI? Slapukas &#8211; tai failas, kuris atsisiun\u010diamas \u012f j\u016bs\u0173 kompiuter\u012f, kai lankot\u0117s tam tikruose tinklalapiuose. Slapukai leid\u017eia svetainei, be [&hellip;]<\/p>\n","protected":false},"author":20,"featured_media":0,"parent":0,"menu_order":0,"comment_status":"closed","ping_status":"closed","template":"","meta":{"_acf_changed":false,"footnotes":""},"class_list":["post-2613","page","type-page","status-publish","hentry"],"acf":[],"yoast_head":"<!-- This site is optimized with the Yoast SEO plugin v27.5 - https:\/\/yoast.com\/product\/yoast-seo-wordpress\/ -->\n<title>Slapuk\u0173 politikoje - Risella Baltics<\/title>\n<meta name=\"description\" content=\"Domeeninimi: RISELLABALTICS.COM Ettev\u00f5tte nimi: HERBA RICEMILLS, SLU \u00c4rinimi: RISELLA Registrij\u00e4rgne asukoht: C Real 43 Rahvaarv: 41920 - San Juan de | Lue lis\u00e4\u00e4 \u203a\" \/>\n<meta name=\"robots\" content=\"noindex, follow\" \/>\n<meta property=\"og:locale\" content=\"lt_LT\" \/>\n<meta property=\"og:type\" content=\"article\" \/>\n<meta property=\"og:title\" content=\"Slapuk\u0173 politikoje - Risella Baltics\" \/>\n<meta property=\"og:description\" content=\"Domeeninimi: RISELLABALTICS.COM Ettev\u00f5tte nimi: HERBA RICEMILLS, SLU \u00c4rinimi: RISELLA Registrij\u00e4rgne asukoht: C Real 43 Rahvaarv: 41920 - San Juan de | Lue lis\u00e4\u00e4 \u203a\" \/>\n<meta property=\"og:url\" content=\"https:\/\/risellabaltics.com\/lt\/slapuku-politikoje\/\" \/>\n<meta property=\"og:site_name\" content=\"Risella Baltics\" \/>\n<meta property=\"article:modified_time\" content=\"2021-05-25T17:10:35+00:00\" \/>\n<meta name=\"twitter:card\" content=\"summary_large_image\" \/>\n<meta name=\"twitter:label1\" content=\"Est. reading time\" \/>\n\t<meta name=\"twitter:data1\" content=\"5 minut\u0117s\" \/>\n<script type=\"application\/ld+json\" class=\"yoast-schema-graph\">{\"@context\":\"https:\\\/\\\/schema.org\",\"@graph\":[{\"@type\":\"WebPage\",\"@id\":\"https:\\\/\\\/risellabaltics.com\\\/lt\\\/slapuku-politikoje\\\/\",\"url\":\"https:\\\/\\\/risellabaltics.com\\\/lt\\\/slapuku-politikoje\\\/\",\"name\":\"Slapuk\u0173 politikoje - Risella Baltics\",\"isPartOf\":{\"@id\":\"https:\\\/\\\/risellabaltics.com\\\/lt\\\/#website\"},\"datePublished\":\"2021-05-08T23:16:37+00:00\",\"dateModified\":\"2021-05-25T17:10:35+00:00\",\"description\":\"Domeeninimi: RISELLABALTICS.COM Ettev\u00f5tte nimi: HERBA RICEMILLS, SLU \u00c4rinimi: RISELLA Registrij\u00e4rgne asukoht: C Real 43 Rahvaarv: 41920 - San Juan de | Lue lis\u00e4\u00e4 \u203a\",\"breadcrumb\":{\"@id\":\"https:\\\/\\\/risellabaltics.com\\\/lt\\\/slapuku-politikoje\\\/#breadcrumb\"},\"inLanguage\":\"lt-LT\",\"potentialAction\":[{\"@type\":\"ReadAction\",\"target\":[\"https:\\\/\\\/risellabaltics.com\\\/lt\\\/slapuku-politikoje\\\/\"]}]},{\"@type\":\"BreadcrumbList\",\"@id\":\"https:\\\/\\\/risellabaltics.com\\\/lt\\\/slapuku-politikoje\\\/#breadcrumb\",\"itemListElement\":[{\"@type\":\"ListItem\",\"position\":1,\"name\":\"Home\",\"item\":\"https:\\\/\\\/risellabaltics.com\\\/lt\\\/\"},{\"@type\":\"ListItem\",\"position\":2,\"name\":\"Slapuk\u0173 politikoje\"}]},{\"@type\":\"WebSite\",\"@id\":\"https:\\\/\\\/risellabaltics.com\\\/lt\\\/#website\",\"url\":\"https:\\\/\\\/risellabaltics.com\\\/lt\\\/\",\"name\":\"Risella Baltics\",\"description\":\"\",\"publisher\":{\"@id\":\"https:\\\/\\\/risellabaltics.com\\\/lt\\\/#organization\"},\"potentialAction\":[{\"@type\":\"SearchAction\",\"target\":{\"@type\":\"EntryPoint\",\"urlTemplate\":\"https:\\\/\\\/risellabaltics.com\\\/lt\\\/?s={search_term_string}\"},\"query-input\":{\"@type\":\"PropertyValueSpecification\",\"valueRequired\":true,\"valueName\":\"search_term_string\"}}],\"inLanguage\":\"lt-LT\"},{\"@type\":\"Organization\",\"@id\":\"https:\\\/\\\/risellabaltics.com\\\/lt\\\/#organization\",\"name\":\"Risella\",\"url\":\"https:\\\/\\\/risellabaltics.com\\\/lt\\\/\",\"logo\":{\"@type\":\"ImageObject\",\"inLanguage\":\"lt-LT\",\"@id\":\"https:\\\/\\\/risellabaltics.com\\\/lt\\\/#\\\/schema\\\/logo\\\/image\\\/\",\"url\":\"https:\\\/\\\/risellabaltics.com\\\/wp-content\\\/uploads\\\/2021\\\/03\\\/logo-risella.png\",\"contentUrl\":\"https:\\\/\\\/risellabaltics.com\\\/wp-content\\\/uploads\\\/2021\\\/03\\\/logo-risella.png\",\"width\":308,\"height\":177,\"caption\":\"Risella\"},\"image\":{\"@id\":\"https:\\\/\\\/risellabaltics.com\\\/lt\\\/#\\\/schema\\\/logo\\\/image\\\/\"}}]}<\/script>\n<!-- \/ Yoast SEO plugin. -->","yoast_head_json":{"title":"Slapuk\u0173 politikoje - Risella Baltics","description":"Domeeninimi: RISELLABALTICS.COM Ettev\u00f5tte nimi: HERBA RICEMILLS, SLU \u00c4rinimi: RISELLA Registrij\u00e4rgne asukoht: C Real 43 Rahvaarv: 41920 - San Juan de | Lue lis\u00e4\u00e4 \u203a","robots":{"index":"noindex","follow":"follow"},"og_locale":"lt_LT","og_type":"article","og_title":"Slapuk\u0173 politikoje - Risella Baltics","og_description":"Domeeninimi: RISELLABALTICS.COM Ettev\u00f5tte nimi: HERBA RICEMILLS, SLU \u00c4rinimi: RISELLA Registrij\u00e4rgne asukoht: C Real 43 Rahvaarv: 41920 - San Juan de | Lue lis\u00e4\u00e4 \u203a","og_url":"https:\/\/risellabaltics.com\/lt\/slapuku-politikoje\/","og_site_name":"Risella Baltics","article_modified_time":"2021-05-25T17:10:35+00:00","twitter_card":"summary_large_image","twitter_misc":{"Est. reading time":"5 minut\u0117s"},"schema":{"@context":"https:\/\/schema.org","@graph":[{"@type":"WebPage","@id":"https:\/\/risellabaltics.com\/lt\/slapuku-politikoje\/","url":"https:\/\/risellabaltics.com\/lt\/slapuku-politikoje\/","name":"Slapuk\u0173 politikoje - Risella Baltics","isPartOf":{"@id":"https:\/\/risellabaltics.com\/lt\/#website"},"datePublished":"2021-05-08T23:16:37+00:00","dateModified":"2021-05-25T17:10:35+00:00","description":"Domeeninimi: RISELLABALTICS.COM Ettev\u00f5tte nimi: HERBA RICEMILLS, SLU \u00c4rinimi: RISELLA Registrij\u00e4rgne asukoht: C Real 43 Rahvaarv: 41920 - San Juan de | Lue lis\u00e4\u00e4 \u203a","breadcrumb":{"@id":"https:\/\/risellabaltics.com\/lt\/slapuku-politikoje\/#breadcrumb"},"inLanguage":"lt-LT","potentialAction":[{"@type":"ReadAction","target":["https:\/\/risellabaltics.com\/lt\/slapuku-politikoje\/"]}]},{"@type":"BreadcrumbList","@id":"https:\/\/risellabaltics.com\/lt\/slapuku-politikoje\/#breadcrumb","itemListElement":[{"@type":"ListItem","position":1,"name":"Home","item":"https:\/\/risellabaltics.com\/lt\/"},{"@type":"ListItem","position":2,"name":"Slapuk\u0173 politikoje"}]},{"@type":"WebSite","@id":"https:\/\/risellabaltics.com\/lt\/#website","url":"https:\/\/risellabaltics.com\/lt\/","name":"Risella Baltics","description":"","publisher":{"@id":"https:\/\/risellabaltics.com\/lt\/#organization"},"potentialAction":[{"@type":"SearchAction","target":{"@type":"EntryPoint","urlTemplate":"https:\/\/risellabaltics.com\/lt\/?s={search_term_string}"},"query-input":{"@type":"PropertyValueSpecification","valueRequired":true,"valueName":"search_term_string"}}],"inLanguage":"lt-LT"},{"@type":"Organization","@id":"https:\/\/risellabaltics.com\/lt\/#organization","name":"Risella","url":"https:\/\/risellabaltics.com\/lt\/","logo":{"@type":"ImageObject","inLanguage":"lt-LT","@id":"https:\/\/risellabaltics.com\/lt\/#\/schema\/logo\/image\/","url":"https:\/\/risellabaltics.com\/wp-content\/uploads\/2021\/03\/logo-risella.png","contentUrl":"https:\/\/risellabaltics.com\/wp-content\/uploads\/2021\/03\/logo-risella.png","width":308,"height":177,"caption":"Risella"},"image":{"@id":"https:\/\/risellabaltics.com\/lt\/#\/schema\/logo\/image\/"}}]}},"_links":{"self":[{"href":"https:\/\/risellabaltics.com\/lt\/wp-json\/wp\/v2\/pages\/2613","targetHints":{"allow":["GET"]}}],"collection":[{"href":"https:\/\/risellabaltics.com\/lt\/wp-json\/wp\/v2\/pages"}],"about":[{"href":"https:\/\/risellabaltics.com\/lt\/wp-json\/wp\/v2\/types\/page"}],"author":[{"embeddable":true,"href":"https:\/\/risellabaltics.com\/lt\/wp-json\/wp\/v2\/users\/20"}],"replies":[{"embeddable":true,"href":"https:\/\/risellabaltics.com\/lt\/wp-json\/wp\/v2\/comments?post=2613"}],"version-history":[{"count":3,"href":"https:\/\/risellabaltics.com\/lt\/wp-json\/wp\/v2\/pages\/2613\/revisions"}],"predecessor-version":[{"id":2616,"href":"https:\/\/risellabaltics.com\/lt\/wp-json\/wp\/v2\/pages\/2613\/revisions\/2616"}],"wp:attachment":[{"href":"https:\/\/risellabaltics.com\/lt\/wp-json\/wp\/v2\/media?parent=2613"}],"curies":[{"name":"wp","href":"https:\/\/api.w.org\/{rel}","templated":true}]}}