{"id":2595,"date":"2015-12-29T16:06:26","date_gmt":"2015-12-29T14:06:26","guid":{"rendered":"https:\/\/risellabaltics.com\/tooted\/"},"modified":"2021-05-25T12:26:03","modified_gmt":"2021-05-25T09:26:03","slug":"produktait","status":"publish","type":"page","link":"https:\/\/risellabaltics.com\/lt\/produktait\/","title":{"rendered":"Produktai"},"content":{"rendered":"<h1>RISELLA PRODUKTAI<\/h1>\n<p>M\u016bs\u0173 asortimente i\u0161 viso yra 5 skirting\u0173 r\u016b\u0161i\u0173 ry\u017ei\u0173. Nar\u0161ykite po asortiment\u0105 ir raskite savo m\u0117gstamiausi\u0105!<\/p>\n","protected":false},"excerpt":{"rendered":"<p>RISELLA PRODUKTAI M\u016bs\u0173 asortimente i\u0161 viso yra 5 skirting\u0173 r\u016b\u0161i\u0173 ry\u017ei\u0173. Nar\u0161ykite po asortiment\u0105 ir raskite savo m\u0117gstamiausi\u0105!<\/p>\n","protected":false},"author":5,"featured_media":0,"parent":0,"menu_order":0,"comment_status":"closed","ping_status":"closed","template":"list-page.php","meta":{"_acf_changed":false,"footnotes":""},"class_list":["post-2595","page","type-page","status-publish","hentry"],"acf":[],"yoast_head":"<!-- This site is optimized with the Yoast SEO plugin v27.5 - https:\/\/yoast.com\/product\/yoast-seo-wordpress\/ -->\n<title>Produktai - Risella Baltics<\/title>\n<meta name=\"description\" content=\"Risellan valikoimaan kuuluu per\u00e4ti 14 erilaista riisi\u00e4. Tutustu tuotteisiin ja valitse oma suosikkisi!\" \/>\n<meta name=\"robots\" content=\"index, follow, max-snippet:-1, max-image-preview:large, max-video-preview:-1\" \/>\n<link rel=\"canonical\" href=\"https:\/\/risellabaltics.com\/lt\/produktait\/\" \/>\n<meta property=\"og:locale\" content=\"lt_LT\" \/>\n<meta property=\"og:type\" content=\"article\" \/>\n<meta property=\"og:title\" content=\"Produktai - Risella Baltics\" \/>\n<meta property=\"og:description\" content=\"Risellan valikoimaan kuuluu per\u00e4ti 14 erilaista riisi\u00e4. Tutustu tuotteisiin ja valitse oma suosikkisi!\" \/>\n<meta property=\"og:url\" content=\"https:\/\/risellabaltics.com\/lt\/produktait\/\" \/>\n<meta property=\"og:site_name\" content=\"Risella Baltics\" \/>\n<meta property=\"article:modified_time\" content=\"2021-05-25T09:26:03+00:00\" \/>\n<meta name=\"twitter:card\" content=\"summary_large_image\" \/>\n<script type=\"application\/ld+json\" class=\"yoast-schema-graph\">{\"@context\":\"https:\\\/\\\/schema.org\",\"@graph\":[{\"@type\":\"WebPage\",\"@id\":\"https:\\\/\\\/risellabaltics.com\\\/lt\\\/produktait\\\/\",\"url\":\"https:\\\/\\\/risellabaltics.com\\\/lt\\\/produktait\\\/\",\"name\":\"Produktai - Risella Baltics\",\"isPartOf\":{\"@id\":\"https:\\\/\\\/risellabaltics.com\\\/lt\\\/#website\"},\"datePublished\":\"2015-12-29T14:06:26+00:00\",\"dateModified\":\"2021-05-25T09:26:03+00:00\",\"description\":\"Risellan valikoimaan kuuluu per\u00e4ti 14 erilaista riisi\u00e4. Tutustu tuotteisiin ja valitse oma suosikkisi!\",\"breadcrumb\":{\"@id\":\"https:\\\/\\\/risellabaltics.com\\\/lt\\\/produktait\\\/#breadcrumb\"},\"inLanguage\":\"lt-LT\",\"potentialAction\":[{\"@type\":\"ReadAction\",\"target\":[\"https:\\\/\\\/risellabaltics.com\\\/lt\\\/produktait\\\/\"]}]},{\"@type\":\"BreadcrumbList\",\"@id\":\"https:\\\/\\\/risellabaltics.com\\\/lt\\\/produktait\\\/#breadcrumb\",\"itemListElement\":[{\"@type\":\"ListItem\",\"position\":1,\"name\":\"Home\",\"item\":\"https:\\\/\\\/risellabaltics.com\\\/lt\\\/\"},{\"@type\":\"ListItem\",\"position\":2,\"name\":\"Produktai\"}]},{\"@type\":\"WebSite\",\"@id\":\"https:\\\/\\\/risellabaltics.com\\\/lt\\\/#website\",\"url\":\"https:\\\/\\\/risellabaltics.com\\\/lt\\\/\",\"name\":\"Risella Baltics\",\"description\":\"\",\"publisher\":{\"@id\":\"https:\\\/\\\/risellabaltics.com\\\/lt\\\/#organization\"},\"potentialAction\":[{\"@type\":\"SearchAction\",\"target\":{\"@type\":\"EntryPoint\",\"urlTemplate\":\"https:\\\/\\\/risellabaltics.com\\\/lt\\\/?s={search_term_string}\"},\"query-input\":{\"@type\":\"PropertyValueSpecification\",\"valueRequired\":true,\"valueName\":\"search_term_string\"}}],\"inLanguage\":\"lt-LT\"},{\"@type\":\"Organization\",\"@id\":\"https:\\\/\\\/risellabaltics.com\\\/lt\\\/#organization\",\"name\":\"Risella\",\"url\":\"https:\\\/\\\/risellabaltics.com\\\/lt\\\/\",\"logo\":{\"@type\":\"ImageObject\",\"inLanguage\":\"lt-LT\",\"@id\":\"https:\\\/\\\/risellabaltics.com\\\/lt\\\/#\\\/schema\\\/logo\\\/image\\\/\",\"url\":\"https:\\\/\\\/risellabaltics.com\\\/wp-content\\\/uploads\\\/2021\\\/03\\\/logo-risella.png\",\"contentUrl\":\"https:\\\/\\\/risellabaltics.com\\\/wp-content\\\/uploads\\\/2021\\\/03\\\/logo-risella.png\",\"width\":308,\"height\":177,\"caption\":\"Risella\"},\"image\":{\"@id\":\"https:\\\/\\\/risellabaltics.com\\\/lt\\\/#\\\/schema\\\/logo\\\/image\\\/\"}}]}<\/script>\n<!-- \/ Yoast SEO plugin. -->","yoast_head_json":{"title":"Produktai - Risella Baltics","description":"Risellan valikoimaan kuuluu per\u00e4ti 14 erilaista riisi\u00e4. Tutustu tuotteisiin ja valitse oma suosikkisi!","robots":{"index":"index","follow":"follow","max-snippet":"max-snippet:-1","max-image-preview":"max-image-preview:large","max-video-preview":"max-video-preview:-1"},"canonical":"https:\/\/risellabaltics.com\/lt\/produktait\/","og_locale":"lt_LT","og_type":"article","og_title":"Produktai - Risella Baltics","og_description":"Risellan valikoimaan kuuluu per\u00e4ti 14 erilaista riisi\u00e4. Tutustu tuotteisiin ja valitse oma suosikkisi!","og_url":"https:\/\/risellabaltics.com\/lt\/produktait\/","og_site_name":"Risella Baltics","article_modified_time":"2021-05-25T09:26:03+00:00","twitter_card":"summary_large_image","schema":{"@context":"https:\/\/schema.org","@graph":[{"@type":"WebPage","@id":"https:\/\/risellabaltics.com\/lt\/produktait\/","url":"https:\/\/risellabaltics.com\/lt\/produktait\/","name":"Produktai - Risella Baltics","isPartOf":{"@id":"https:\/\/risellabaltics.com\/lt\/#website"},"datePublished":"2015-12-29T14:06:26+00:00","dateModified":"2021-05-25T09:26:03+00:00","description":"Risellan valikoimaan kuuluu per\u00e4ti 14 erilaista riisi\u00e4. Tutustu tuotteisiin ja valitse oma suosikkisi!","breadcrumb":{"@id":"https:\/\/risellabaltics.com\/lt\/produktait\/#breadcrumb"},"inLanguage":"lt-LT","potentialAction":[{"@type":"ReadAction","target":["https:\/\/risellabaltics.com\/lt\/produktait\/"]}]},{"@type":"BreadcrumbList","@id":"https:\/\/risellabaltics.com\/lt\/produktait\/#breadcrumb","itemListElement":[{"@type":"ListItem","position":1,"name":"Home","item":"https:\/\/risellabaltics.com\/lt\/"},{"@type":"ListItem","position":2,"name":"Produktai"}]},{"@type":"WebSite","@id":"https:\/\/risellabaltics.com\/lt\/#website","url":"https:\/\/risellabaltics.com\/lt\/","name":"Risella Baltics","description":"","publisher":{"@id":"https:\/\/risellabaltics.com\/lt\/#organization"},"potentialAction":[{"@type":"SearchAction","target":{"@type":"EntryPoint","urlTemplate":"https:\/\/risellabaltics.com\/lt\/?s={search_term_string}"},"query-input":{"@type":"PropertyValueSpecification","valueRequired":true,"valueName":"search_term_string"}}],"inLanguage":"lt-LT"},{"@type":"Organization","@id":"https:\/\/risellabaltics.com\/lt\/#organization","name":"Risella","url":"https:\/\/risellabaltics.com\/lt\/","logo":{"@type":"ImageObject","inLanguage":"lt-LT","@id":"https:\/\/risellabaltics.com\/lt\/#\/schema\/logo\/image\/","url":"https:\/\/risellabaltics.com\/wp-content\/uploads\/2021\/03\/logo-risella.png","contentUrl":"https:\/\/risellabaltics.com\/wp-content\/uploads\/2021\/03\/logo-risella.png","width":308,"height":177,"caption":"Risella"},"image":{"@id":"https:\/\/risellabaltics.com\/lt\/#\/schema\/logo\/image\/"}}]}},"_links":{"self":[{"href":"https:\/\/risellabaltics.com\/lt\/wp-json\/wp\/v2\/pages\/2595","targetHints":{"allow":["GET"]}}],"collection":[{"href":"https:\/\/risellabaltics.com\/lt\/wp-json\/wp\/v2\/pages"}],"about":[{"href":"https:\/\/risellabaltics.com\/lt\/wp-json\/wp\/v2\/types\/page"}],"author":[{"embeddable":true,"href":"https:\/\/risellabaltics.com\/lt\/wp-json\/wp\/v2\/users\/5"}],"replies":[{"embeddable":true,"href":"https:\/\/risellabaltics.com\/lt\/wp-json\/wp\/v2\/comments?post=2595"}],"version-history":[{"count":3,"href":"https:\/\/risellabaltics.com\/lt\/wp-json\/wp\/v2\/pages\/2595\/revisions"}],"predecessor-version":[{"id":2605,"href":"https:\/\/risellabaltics.com\/lt\/wp-json\/wp\/v2\/pages\/2595\/revisions\/2605"}],"wp:attachment":[{"href":"https:\/\/risellabaltics.com\/lt\/wp-json\/wp\/v2\/media?parent=2595"}],"curies":[{"name":"wp","href":"https:\/\/api.w.org\/{rel}","templated":true}]}}