{"id":2550,"date":"2021-04-30T11:26:29","date_gmt":"2021-04-30T08:26:29","guid":{"rendered":"https:\/\/risellabaltics.com\/privaatsuspoliitika\/"},"modified":"2021-05-20T11:42:44","modified_gmt":"2021-05-20T08:42:44","slug":"privatumo-politika","status":"publish","type":"page","link":"https:\/\/risellabaltics.com\/lt\/privatumo-politika\/","title":{"rendered":"Privatumo politika"},"content":{"rendered":"<h2>ATSAKINGAS SUBJEKTAS<\/h2>\n<p>Herba Ricemills, S.L.U, B-83157024<\/p>\n<p>Pa\u0161to adresas: Calle Real 43, 41920 San Juan de Aznalfarache (Sevilija).<\/p>\n<p>Telefonas: +34 954589200<\/p>\n<p>El. pa\u0161tas: protecciondedatos@herba.es<\/p>\n<h2>TIKSLAS<\/h2>\n<p>J\u016bs\u0173 asmens duomen\u0173 tvarkymo tikslas &#8211; palaikyti ry\u0161\u012f, susijus\u012f su pra\u0161ymu, nepa\u017eeid\u017eiant jokio kito konkretaus tikslo, apie kur\u012f galite b\u016bti informuotas.<\/p>\n<p>Tod\u0117l informuojame, kad j\u016bs\u0173 duomenys nebus tvarkomi su \u0161iuo tikslu nesuderinamu b\u016bdu.<\/p>\n<h2>TERMINAS<\/h2>\n<p>&#8222;Herba&#8221; tvarkys j\u016bs\u0173 informacij\u0105 tiek laiko, kiek tai bus b\u016btina, kad b\u016bt\u0173 tinkamai pl\u0117tojami bet kokie santykiai su jumis.<\/p>\n<p>Pasibaigus min\u0117tam laikotarpiui, &#8222;Herba&#8221; gali laikyti j\u016bs\u0173 informacij\u0105 konfidencialia tiek laiko, kiek tai b\u016btina, kad u\u017etikrint\u0173 savo teis\u0117t\u0105 teis\u0119 pareik\u0161ti, naudoti ir (arba) ginti bet kokius reikalavimus. Tokiu atveju ji imsis tinkam\u0173 technini\u0173 ir organizacini\u0173 priemoni\u0173 duomen\u0173 apsaugai u\u017etikrinti.<\/p>\n<h2>\u012eSTATYMAS<\/h2>\n<p>J\u016bs\u0173 duomen\u0173 tvarkymo teisinis pagrindas yra taisykli\u0173, taikom\u0173 &#8222;Herba&#8221; su jumis u\u017emegzt\u0173 santyki\u0173 valdymui, rinkinys.<\/p>\n<h2>J\u016aS\u0172 DUOMEN\u0172 GAV\u0116JAI<\/h2>\n<p>Informuojame jus, kad j\u016bs\u0173 duomenys prireikus gali b\u016bti perduoti &#8222;Ebro Foods Group&#8221; Ispanijos patronuojamosioms bendrov\u0117ms ir tre\u010diosioms \u0161alims, kad b\u016bt\u0173 \u012fvykdyti bet kokie teisiniai ir (arba) sutartiniai \u012fsipareigojimai, kurie gali atsirasti d\u0117l \u0161i\u0173 santyki\u0173.<\/p>\n<p>Technin\u0117 prie\u017ei\u016bra kaip paslauga.<\/p>\n<p>&#8222;Ebro Foods, S.A.&#8221; yra atsakinga u\u017e duomen\u0173 saugojimo sistem\u0173 valdym\u0105 ir prie\u017ei\u016br\u0105.<\/p>\n<p>Informuojame, kad galite pasinaudoti toliau nurodytomis teis\u0117mis, susijusiomis su j\u016bs\u0173 asmens duomen\u0173 tvarkymu:<\/p>\n<p>&#8211; Teis\u0117 susipa\u017einti su duomenimis;<br \/>\n&#8211; Teis\u0117 susipa\u017einti su m\u016bs\u0173 turimais j\u016bs\u0173 duomenimis;<br \/>\n&#8211; Teis\u0117 reikalauti, kad neteisinga informacija apie j\u016bs\u0173 asmens duomenis b\u016bt\u0173 netiksli arba nei\u0161sami.<br \/>\n&#8211; Teis\u0117 reikalauti, kad b\u016bt\u0173 i\u0161taisyti netiksl\u016bs ar nei\u0161sam\u016bs j\u016bs\u0173 asmens duomenys arba netiksli informacija apie jus;<br \/>\n&#8211; Teis\u0117 nesutikti su m\u016bs\u0173 tvarkom\u0173 asmens duomen\u0173 tvarkymu;<br \/>\n&#8211; Teis\u0117 nesutikti su duomen\u0173 tvarkymu;<br \/>\n&#8211; Teis\u0117 pateikti pretenzij\u0105 kompetentingai Ispanijos prie\u017ei\u016bros institucijai &#8211; Ispanijos duomen\u0173 apsaugos agent\u016brai.<\/p>\n<p>Kaip duomen\u0173 savininkas galite naudotis savo teis\u0117mis pagal galiojan\u010dias taisykles.<\/p>\n<p>Jei norite pasinaudoti asmens duomen\u0173 kontrol\u0117s, i\u0161taisymo, i\u0161trynimo, apribojimo ir perdavimo teis\u0117mis bei nesutikti, kad &#8222;Herba&#8221; tvarkyt\u0173 j\u016bs\u0173 asmens duomenis, turite \u012frodyti savo tapatyb\u0119 ir pateikti pra\u0161ym\u0105 ra\u0161tu, si\u0173sdami j\u012f &#8222;Herba&#8221; pa\u0161tu arba per kurjer\u012f adresu Calle Real 43, 41920 San Juan, Aznalfarache (Sevilija &#8211; Ispanija), 41920 San Juan, Aznalfarache (Sevilija &#8211; Ispanija), ant voko u\u017era\u0161ydami &#8222;Asmens duomen\u0173 apsauga&#8221;, arba si\u0173sdami pra\u0161ym\u0105 el. pa\u0161tu adresu protecciondedatos@herba.es.<\/p>\n<p>Taip pat informuojame, kad jei pasinaudojote savo teis\u0117mis i\u0161trinti, apriboti ir prie\u0161tarauti, &#8222;Herba&#8221; gali ir toliau saugoti j\u016bs\u0173 informacij\u0105 teis\u0117s aktuose numatytais atvejais.<\/p>\n<h2>TRE\u010cI\u0172J\u0172 \u0160ALI\u0172 ASMENS DUOMENYS<\/h2>\n<p>Jei j\u016bs\u0173 pateikta asmenin\u0117 informacija priklauso tre\u010diajai \u0161aliai, j\u016bs garantuojate, kad (i) prane\u0161\u0117te tre\u010diajai \u0161aliai apie \u0161i\u0105 privatumo politik\u0105; (ii) gavote tre\u010diosios \u0161alies leidim\u0105 teikti informacij\u0105 &#8222;Herba&#8221; 2 skyriuje nurodytais tikslais; ir (iii) tre\u010diosios \u0161alies pateikta informacija yra tiksli ir naujausia, o bet kokia tiesiogin\u0117 ar netiesiogin\u0117 \u017eala, kuri\u0105 &#8222;Herba&#8221; gali patirti d\u0117l tre\u010diosios \u0161alies pateiktos informacijos, gali u\u017etraukti atsakomyb\u0119.<\/p>\n","protected":false},"excerpt":{"rendered":"<p>ATSAKINGAS SUBJEKTAS Herba Ricemills, S.L.U, B-83157024 Pa\u0161to adresas: Calle Real 43, 41920 San Juan de Aznalfarache (Sevilija). Telefonas: +34 954589200 El. pa\u0161tas: protecciondedatos@herba.es TIKSLAS J\u016bs\u0173 asmens duomen\u0173 tvarkymo tikslas &#8211; palaikyti ry\u0161\u012f, susijus\u012f su pra\u0161ymu, nepa\u017eeid\u017eiant jokio kito konkretaus tikslo, apie kur\u012f galite b\u016bti informuotas. Tod\u0117l informuojame, kad j\u016bs\u0173 duomenys nebus tvarkomi su \u0161iuo tikslu [&hellip;]<\/p>\n","protected":false},"author":5,"featured_media":0,"parent":0,"menu_order":0,"comment_status":"closed","ping_status":"closed","template":"","meta":{"_acf_changed":false,"footnotes":""},"class_list":["post-2550","page","type-page","status-publish","hentry"],"acf":[],"yoast_head":"<!-- This site is optimized with the Yoast SEO plugin v27.2 - https:\/\/yoast.com\/product\/yoast-seo-wordpress\/ -->\n<title>Privatumo politika - Risella Baltics<\/title>\n<meta name=\"description\" content=\"ATSAKINGAS SUBJEKTAS Herba Ricemills, S.L.U, B-83157024 Pa\u0161to adresas: Calle Real 43, 41920 San Juan de Aznalfarache (Sevilija). Telefonas: +34 954589200 | Lue lis\u00e4\u00e4 \u203a\" \/>\n<meta name=\"robots\" content=\"index, follow, max-snippet:-1, max-image-preview:large, max-video-preview:-1\" \/>\n<link rel=\"canonical\" href=\"https:\/\/risellabaltics.com\/lt\/privatumo-politika\/\" \/>\n<meta property=\"og:locale\" content=\"lt_LT\" \/>\n<meta property=\"og:type\" content=\"article\" \/>\n<meta property=\"og:title\" content=\"Privatumo politika - Risella Baltics\" \/>\n<meta property=\"og:description\" content=\"ATSAKINGAS SUBJEKTAS Herba Ricemills, S.L.U, B-83157024 Pa\u0161to adresas: Calle Real 43, 41920 San Juan de Aznalfarache (Sevilija). Telefonas: +34 954589200 | Lue lis\u00e4\u00e4 \u203a\" \/>\n<meta property=\"og:url\" content=\"https:\/\/risellabaltics.com\/lt\/privatumo-politika\/\" \/>\n<meta property=\"og:site_name\" content=\"Risella Baltics\" \/>\n<meta property=\"article:modified_time\" content=\"2021-05-20T08:42:44+00:00\" \/>\n<meta name=\"twitter:card\" content=\"summary_large_image\" \/>\n<meta name=\"twitter:label1\" content=\"Est. reading time\" \/>\n\t<meta name=\"twitter:data1\" content=\"3 minut\u0117s\" \/>\n<script type=\"application\/ld+json\" class=\"yoast-schema-graph\">{\"@context\":\"https:\/\/schema.org\",\"@graph\":[{\"@type\":\"WebPage\",\"@id\":\"https:\/\/risellabaltics.com\/lt\/privatumo-politika\/\",\"url\":\"https:\/\/risellabaltics.com\/lt\/privatumo-politika\/\",\"name\":\"Privatumo politika - Risella Baltics\",\"isPartOf\":{\"@id\":\"https:\/\/risellabaltics.com\/lt\/#website\"},\"datePublished\":\"2021-04-30T08:26:29+00:00\",\"dateModified\":\"2021-05-20T08:42:44+00:00\",\"description\":\"ATSAKINGAS SUBJEKTAS Herba Ricemills, S.L.U, B-83157024 Pa\u0161to adresas: Calle Real 43, 41920 San Juan de Aznalfarache (Sevilija). Telefonas: +34 954589200 | Lue lis\u00e4\u00e4 \u203a\",\"breadcrumb\":{\"@id\":\"https:\/\/risellabaltics.com\/lt\/privatumo-politika\/#breadcrumb\"},\"inLanguage\":\"lt-LT\",\"potentialAction\":[{\"@type\":\"ReadAction\",\"target\":[\"https:\/\/risellabaltics.com\/lt\/privatumo-politika\/\"]}]},{\"@type\":\"BreadcrumbList\",\"@id\":\"https:\/\/risellabaltics.com\/lt\/privatumo-politika\/#breadcrumb\",\"itemListElement\":[{\"@type\":\"ListItem\",\"position\":1,\"name\":\"Home\",\"item\":\"https:\/\/risellabaltics.com\/lt\/\"},{\"@type\":\"ListItem\",\"position\":2,\"name\":\"Privatumo politika\"}]},{\"@type\":\"WebSite\",\"@id\":\"https:\/\/risellabaltics.com\/lt\/#website\",\"url\":\"https:\/\/risellabaltics.com\/lt\/\",\"name\":\"Risella Baltics\",\"description\":\"\",\"publisher\":{\"@id\":\"https:\/\/risellabaltics.com\/lt\/#organization\"},\"potentialAction\":[{\"@type\":\"SearchAction\",\"target\":{\"@type\":\"EntryPoint\",\"urlTemplate\":\"https:\/\/risellabaltics.com\/lt\/?s={search_term_string}\"},\"query-input\":{\"@type\":\"PropertyValueSpecification\",\"valueRequired\":true,\"valueName\":\"search_term_string\"}}],\"inLanguage\":\"lt-LT\"},{\"@type\":\"Organization\",\"@id\":\"https:\/\/risellabaltics.com\/lt\/#organization\",\"name\":\"Risella\",\"url\":\"https:\/\/risellabaltics.com\/lt\/\",\"logo\":{\"@type\":\"ImageObject\",\"inLanguage\":\"lt-LT\",\"@id\":\"https:\/\/risellabaltics.com\/lt\/#\/schema\/logo\/image\/\",\"url\":\"https:\/\/risellabaltics.com\/wp-content\/uploads\/2021\/03\/logo-risella.png\",\"contentUrl\":\"https:\/\/risellabaltics.com\/wp-content\/uploads\/2021\/03\/logo-risella.png\",\"width\":308,\"height\":177,\"caption\":\"Risella\"},\"image\":{\"@id\":\"https:\/\/risellabaltics.com\/lt\/#\/schema\/logo\/image\/\"}}]}<\/script>\n<!-- \/ Yoast SEO plugin. -->","yoast_head_json":{"title":"Privatumo politika - Risella Baltics","description":"ATSAKINGAS SUBJEKTAS Herba Ricemills, S.L.U, B-83157024 Pa\u0161to adresas: Calle Real 43, 41920 San Juan de Aznalfarache (Sevilija). Telefonas: +34 954589200 | Lue lis\u00e4\u00e4 \u203a","robots":{"index":"index","follow":"follow","max-snippet":"max-snippet:-1","max-image-preview":"max-image-preview:large","max-video-preview":"max-video-preview:-1"},"canonical":"https:\/\/risellabaltics.com\/lt\/privatumo-politika\/","og_locale":"lt_LT","og_type":"article","og_title":"Privatumo politika - Risella Baltics","og_description":"ATSAKINGAS SUBJEKTAS Herba Ricemills, S.L.U, B-83157024 Pa\u0161to adresas: Calle Real 43, 41920 San Juan de Aznalfarache (Sevilija). Telefonas: +34 954589200 | Lue lis\u00e4\u00e4 \u203a","og_url":"https:\/\/risellabaltics.com\/lt\/privatumo-politika\/","og_site_name":"Risella Baltics","article_modified_time":"2021-05-20T08:42:44+00:00","twitter_card":"summary_large_image","twitter_misc":{"Est. reading time":"3 minut\u0117s"},"schema":{"@context":"https:\/\/schema.org","@graph":[{"@type":"WebPage","@id":"https:\/\/risellabaltics.com\/lt\/privatumo-politika\/","url":"https:\/\/risellabaltics.com\/lt\/privatumo-politika\/","name":"Privatumo politika - Risella Baltics","isPartOf":{"@id":"https:\/\/risellabaltics.com\/lt\/#website"},"datePublished":"2021-04-30T08:26:29+00:00","dateModified":"2021-05-20T08:42:44+00:00","description":"ATSAKINGAS SUBJEKTAS Herba Ricemills, S.L.U, B-83157024 Pa\u0161to adresas: Calle Real 43, 41920 San Juan de Aznalfarache (Sevilija). Telefonas: +34 954589200 | Lue lis\u00e4\u00e4 \u203a","breadcrumb":{"@id":"https:\/\/risellabaltics.com\/lt\/privatumo-politika\/#breadcrumb"},"inLanguage":"lt-LT","potentialAction":[{"@type":"ReadAction","target":["https:\/\/risellabaltics.com\/lt\/privatumo-politika\/"]}]},{"@type":"BreadcrumbList","@id":"https:\/\/risellabaltics.com\/lt\/privatumo-politika\/#breadcrumb","itemListElement":[{"@type":"ListItem","position":1,"name":"Home","item":"https:\/\/risellabaltics.com\/lt\/"},{"@type":"ListItem","position":2,"name":"Privatumo politika"}]},{"@type":"WebSite","@id":"https:\/\/risellabaltics.com\/lt\/#website","url":"https:\/\/risellabaltics.com\/lt\/","name":"Risella Baltics","description":"","publisher":{"@id":"https:\/\/risellabaltics.com\/lt\/#organization"},"potentialAction":[{"@type":"SearchAction","target":{"@type":"EntryPoint","urlTemplate":"https:\/\/risellabaltics.com\/lt\/?s={search_term_string}"},"query-input":{"@type":"PropertyValueSpecification","valueRequired":true,"valueName":"search_term_string"}}],"inLanguage":"lt-LT"},{"@type":"Organization","@id":"https:\/\/risellabaltics.com\/lt\/#organization","name":"Risella","url":"https:\/\/risellabaltics.com\/lt\/","logo":{"@type":"ImageObject","inLanguage":"lt-LT","@id":"https:\/\/risellabaltics.com\/lt\/#\/schema\/logo\/image\/","url":"https:\/\/risellabaltics.com\/wp-content\/uploads\/2021\/03\/logo-risella.png","contentUrl":"https:\/\/risellabaltics.com\/wp-content\/uploads\/2021\/03\/logo-risella.png","width":308,"height":177,"caption":"Risella"},"image":{"@id":"https:\/\/risellabaltics.com\/lt\/#\/schema\/logo\/image\/"}}]}},"_links":{"self":[{"href":"https:\/\/risellabaltics.com\/lt\/wp-json\/wp\/v2\/pages\/2550","targetHints":{"allow":["GET"]}}],"collection":[{"href":"https:\/\/risellabaltics.com\/lt\/wp-json\/wp\/v2\/pages"}],"about":[{"href":"https:\/\/risellabaltics.com\/lt\/wp-json\/wp\/v2\/types\/page"}],"author":[{"embeddable":true,"href":"https:\/\/risellabaltics.com\/lt\/wp-json\/wp\/v2\/users\/5"}],"replies":[{"embeddable":true,"href":"https:\/\/risellabaltics.com\/lt\/wp-json\/wp\/v2\/comments?post=2550"}],"version-history":[{"count":2,"href":"https:\/\/risellabaltics.com\/lt\/wp-json\/wp\/v2\/pages\/2550\/revisions"}],"predecessor-version":[{"id":2554,"href":"https:\/\/risellabaltics.com\/lt\/wp-json\/wp\/v2\/pages\/2550\/revisions\/2554"}],"wp:attachment":[{"href":"https:\/\/risellabaltics.com\/lt\/wp-json\/wp\/v2\/media?parent=2550"}],"curies":[{"name":"wp","href":"https:\/\/api.w.org\/{rel}","templated":true}]}}