{"id":2543,"date":"2015-12-28T13:44:20","date_gmt":"2015-12-28T11:44:20","guid":{"rendered":"https:\/\/risellabaltics.com\/kontaktandmed\/"},"modified":"2021-07-26T13:41:45","modified_gmt":"2021-07-26T10:41:45","slug":"kontaktai","status":"publish","type":"page","link":"https:\/\/risellabaltics.com\/lt\/kontaktai\/","title":{"rendered":"Kontaktai"},"content":{"rendered":"<h1>KONTAKTAI IR KLIENT\u0172 APTARNAVIMAS<\/h1>\n<p>AS AbeStock<br \/>\nMustjuure 9, 10618, Tallinn, Eesti<br \/>\nTel.: +372 6505 555<br \/>\nEl. p.: info@abestock.ee<\/p>\n<p>Reg. nr: 10344545<\/p>\n<p>Jei norite mums pateikti atsiliepim\u0173 apie \u201eRisella\u201c gaminius, atsi\u0173skite \u0161i\u0105 informacij\u0105:<\/p>\n<p>\u2013 Produkto pavadinimas<br \/>\n\u2013 Pirkimo vieta (jei \u017einoma)<br \/>\n\u2013 Gaminio problemos apra\u0161ymas<\/p>\n","protected":false},"excerpt":{"rendered":"<p>KONTAKTAI IR KLIENT\u0172 APTARNAVIMAS AS AbeStock Mustjuure 9, 10618, Tallinn, Eesti Tel.: +372 6505 555 El. p.: info@abestock.ee Reg. nr: 10344545 Jei norite mums pateikti atsiliepim\u0173 apie \u201eRisella\u201c gaminius, atsi\u0173skite \u0161i\u0105 informacij\u0105: \u2013 Produkto pavadinimas \u2013 Pirkimo vieta (jei \u017einoma) \u2013 Gaminio problemos apra\u0161ymas<\/p>\n","protected":false},"author":5,"featured_media":0,"parent":0,"menu_order":0,"comment_status":"closed","ping_status":"closed","template":"","meta":{"_acf_changed":false,"footnotes":""},"class_list":["post-2543","page","type-page","status-publish","hentry"],"acf":[],"yoast_head":"<!-- This site is optimized with the Yoast SEO plugin v27.5 - https:\/\/yoast.com\/product\/yoast-seo-wordpress\/ -->\n<title>Kontaktai - Risella Baltics<\/title>\n<meta name=\"description\" content=\"KONTAKTAI IR KLIENT\u0172 APTARNAVIMAS\" \/>\n<meta name=\"robots\" content=\"index, follow, max-snippet:-1, max-image-preview:large, max-video-preview:-1\" \/>\n<link rel=\"canonical\" href=\"https:\/\/risellabaltics.com\/lt\/kontaktai\/\" \/>\n<meta property=\"og:locale\" content=\"lt_LT\" \/>\n<meta property=\"og:type\" content=\"article\" \/>\n<meta property=\"og:title\" content=\"Kontaktai - Risella Baltics\" \/>\n<meta property=\"og:description\" content=\"KONTAKTAI IR KLIENT\u0172 APTARNAVIMAS\" \/>\n<meta property=\"og:url\" content=\"https:\/\/risellabaltics.com\/lt\/kontaktai\/\" \/>\n<meta property=\"og:site_name\" content=\"Risella Baltics\" \/>\n<meta property=\"article:modified_time\" content=\"2021-07-26T10:41:45+00:00\" \/>\n<meta name=\"twitter:card\" content=\"summary_large_image\" \/>\n<script type=\"application\/ld+json\" class=\"yoast-schema-graph\">{\"@context\":\"https:\\\/\\\/schema.org\",\"@graph\":[{\"@type\":\"WebPage\",\"@id\":\"https:\\\/\\\/risellabaltics.com\\\/lt\\\/kontaktai\\\/\",\"url\":\"https:\\\/\\\/risellabaltics.com\\\/lt\\\/kontaktai\\\/\",\"name\":\"Kontaktai - Risella Baltics\",\"isPartOf\":{\"@id\":\"https:\\\/\\\/risellabaltics.com\\\/lt\\\/#website\"},\"datePublished\":\"2015-12-28T11:44:20+00:00\",\"dateModified\":\"2021-07-26T10:41:45+00:00\",\"description\":\"KONTAKTAI IR KLIENT\u0172 APTARNAVIMAS\",\"breadcrumb\":{\"@id\":\"https:\\\/\\\/risellabaltics.com\\\/lt\\\/kontaktai\\\/#breadcrumb\"},\"inLanguage\":\"lt-LT\",\"potentialAction\":[{\"@type\":\"ReadAction\",\"target\":[\"https:\\\/\\\/risellabaltics.com\\\/lt\\\/kontaktai\\\/\"]}]},{\"@type\":\"BreadcrumbList\",\"@id\":\"https:\\\/\\\/risellabaltics.com\\\/lt\\\/kontaktai\\\/#breadcrumb\",\"itemListElement\":[{\"@type\":\"ListItem\",\"position\":1,\"name\":\"Home\",\"item\":\"https:\\\/\\\/risellabaltics.com\\\/lt\\\/\"},{\"@type\":\"ListItem\",\"position\":2,\"name\":\"Kontaktai\"}]},{\"@type\":\"WebSite\",\"@id\":\"https:\\\/\\\/risellabaltics.com\\\/lt\\\/#website\",\"url\":\"https:\\\/\\\/risellabaltics.com\\\/lt\\\/\",\"name\":\"Risella Baltics\",\"description\":\"\",\"publisher\":{\"@id\":\"https:\\\/\\\/risellabaltics.com\\\/lt\\\/#organization\"},\"potentialAction\":[{\"@type\":\"SearchAction\",\"target\":{\"@type\":\"EntryPoint\",\"urlTemplate\":\"https:\\\/\\\/risellabaltics.com\\\/lt\\\/?s={search_term_string}\"},\"query-input\":{\"@type\":\"PropertyValueSpecification\",\"valueRequired\":true,\"valueName\":\"search_term_string\"}}],\"inLanguage\":\"lt-LT\"},{\"@type\":\"Organization\",\"@id\":\"https:\\\/\\\/risellabaltics.com\\\/lt\\\/#organization\",\"name\":\"Risella\",\"url\":\"https:\\\/\\\/risellabaltics.com\\\/lt\\\/\",\"logo\":{\"@type\":\"ImageObject\",\"inLanguage\":\"lt-LT\",\"@id\":\"https:\\\/\\\/risellabaltics.com\\\/lt\\\/#\\\/schema\\\/logo\\\/image\\\/\",\"url\":\"https:\\\/\\\/risellabaltics.com\\\/wp-content\\\/uploads\\\/2021\\\/03\\\/logo-risella.png\",\"contentUrl\":\"https:\\\/\\\/risellabaltics.com\\\/wp-content\\\/uploads\\\/2021\\\/03\\\/logo-risella.png\",\"width\":308,\"height\":177,\"caption\":\"Risella\"},\"image\":{\"@id\":\"https:\\\/\\\/risellabaltics.com\\\/lt\\\/#\\\/schema\\\/logo\\\/image\\\/\"}}]}<\/script>\n<!-- \/ Yoast SEO plugin. -->","yoast_head_json":{"title":"Kontaktai - Risella Baltics","description":"KONTAKTAI IR KLIENT\u0172 APTARNAVIMAS","robots":{"index":"index","follow":"follow","max-snippet":"max-snippet:-1","max-image-preview":"max-image-preview:large","max-video-preview":"max-video-preview:-1"},"canonical":"https:\/\/risellabaltics.com\/lt\/kontaktai\/","og_locale":"lt_LT","og_type":"article","og_title":"Kontaktai - Risella Baltics","og_description":"KONTAKTAI IR KLIENT\u0172 APTARNAVIMAS","og_url":"https:\/\/risellabaltics.com\/lt\/kontaktai\/","og_site_name":"Risella Baltics","article_modified_time":"2021-07-26T10:41:45+00:00","twitter_card":"summary_large_image","schema":{"@context":"https:\/\/schema.org","@graph":[{"@type":"WebPage","@id":"https:\/\/risellabaltics.com\/lt\/kontaktai\/","url":"https:\/\/risellabaltics.com\/lt\/kontaktai\/","name":"Kontaktai - Risella Baltics","isPartOf":{"@id":"https:\/\/risellabaltics.com\/lt\/#website"},"datePublished":"2015-12-28T11:44:20+00:00","dateModified":"2021-07-26T10:41:45+00:00","description":"KONTAKTAI IR KLIENT\u0172 APTARNAVIMAS","breadcrumb":{"@id":"https:\/\/risellabaltics.com\/lt\/kontaktai\/#breadcrumb"},"inLanguage":"lt-LT","potentialAction":[{"@type":"ReadAction","target":["https:\/\/risellabaltics.com\/lt\/kontaktai\/"]}]},{"@type":"BreadcrumbList","@id":"https:\/\/risellabaltics.com\/lt\/kontaktai\/#breadcrumb","itemListElement":[{"@type":"ListItem","position":1,"name":"Home","item":"https:\/\/risellabaltics.com\/lt\/"},{"@type":"ListItem","position":2,"name":"Kontaktai"}]},{"@type":"WebSite","@id":"https:\/\/risellabaltics.com\/lt\/#website","url":"https:\/\/risellabaltics.com\/lt\/","name":"Risella Baltics","description":"","publisher":{"@id":"https:\/\/risellabaltics.com\/lt\/#organization"},"potentialAction":[{"@type":"SearchAction","target":{"@type":"EntryPoint","urlTemplate":"https:\/\/risellabaltics.com\/lt\/?s={search_term_string}"},"query-input":{"@type":"PropertyValueSpecification","valueRequired":true,"valueName":"search_term_string"}}],"inLanguage":"lt-LT"},{"@type":"Organization","@id":"https:\/\/risellabaltics.com\/lt\/#organization","name":"Risella","url":"https:\/\/risellabaltics.com\/lt\/","logo":{"@type":"ImageObject","inLanguage":"lt-LT","@id":"https:\/\/risellabaltics.com\/lt\/#\/schema\/logo\/image\/","url":"https:\/\/risellabaltics.com\/wp-content\/uploads\/2021\/03\/logo-risella.png","contentUrl":"https:\/\/risellabaltics.com\/wp-content\/uploads\/2021\/03\/logo-risella.png","width":308,"height":177,"caption":"Risella"},"image":{"@id":"https:\/\/risellabaltics.com\/lt\/#\/schema\/logo\/image\/"}}]}},"_links":{"self":[{"href":"https:\/\/risellabaltics.com\/lt\/wp-json\/wp\/v2\/pages\/2543","targetHints":{"allow":["GET"]}}],"collection":[{"href":"https:\/\/risellabaltics.com\/lt\/wp-json\/wp\/v2\/pages"}],"about":[{"href":"https:\/\/risellabaltics.com\/lt\/wp-json\/wp\/v2\/types\/page"}],"author":[{"embeddable":true,"href":"https:\/\/risellabaltics.com\/lt\/wp-json\/wp\/v2\/users\/5"}],"replies":[{"embeddable":true,"href":"https:\/\/risellabaltics.com\/lt\/wp-json\/wp\/v2\/comments?post=2543"}],"version-history":[{"count":3,"href":"https:\/\/risellabaltics.com\/lt\/wp-json\/wp\/v2\/pages\/2543\/revisions"}],"predecessor-version":[{"id":2734,"href":"https:\/\/risellabaltics.com\/lt\/wp-json\/wp\/v2\/pages\/2543\/revisions\/2734"}],"wp:attachment":[{"href":"https:\/\/risellabaltics.com\/lt\/wp-json\/wp\/v2\/media?parent=2543"}],"curies":[{"name":"wp","href":"https:\/\/api.w.org\/{rel}","templated":true}]}}