{"id":2537,"date":"2019-11-22T16:30:57","date_gmt":"2019-11-22T14:30:57","guid":{"rendered":"https:\/\/risellabaltics.com\/jatkusuutlik\/"},"modified":"2021-07-26T12:41:37","modified_gmt":"2021-07-26T09:41:37","slug":"tvarumas","status":"publish","type":"page","link":"https:\/\/risellabaltics.com\/lt\/tvarumas\/","title":{"rendered":"Tvarumas"},"content":{"rendered":"<h1>&#8222;RISELLA&#8221; R\u016aPINASI APLINKA<\/h1>\n<p>&#8222;Risella&#8221; yra aplink\u0105 tausojanti \u012fmon\u0117. Esame \u012fsipareigoj\u0119 laikytis JT darnaus vystymosi programos, kad m\u016bs\u0173 planeta b\u016bt\u0173 \u0161varesn\u0117 ir sveikesn\u0117.<\/p>\n<h2>RY\u017dI\u0172 GYVAVIMO CIKLAS<\/h2>\n<p>&#8222;Risella&#8221; ry\u017ei\u0173 gyvavimo cikl\u0105 sudaro trys pagrindiniai etapai<\/p>\n<ul>\n<li>Auginimas. \u0160is etapas apima visk\u0105, kas susij\u0119 su pirmaisiais ry\u017ei\u0173 auginimo \u016bkininko laukuose etapais: s\u0117j\u0105, dr\u0117kinim\u0105, tr\u0119\u0161im\u0105, apsaug\u0105, derliaus nu\u0117mim\u0105 ir ve\u017eim\u0105 \u012f &#8222;Risella&#8221; gamyklas.<\/li>\n<li>Gamykla. \u010cia ry\u017eiai apdorojami, kad b\u016bt\u0173 tinkami vartotojui. Jie d\u017eiovinami, valomi, malami ir pakuojami, kad b\u016bt\u0173 pristatyti \u012f pardavimo viet\u0105.<\/li>\n<li>Prad\u017eia. Atlik\u0119 kelet\u0105 paprast\u0173 veiksm\u0173 namuose, galite suma\u017einti ry\u017ei\u0173 pakuo\u010di\u0173 poveik\u012f aplinkai. Perdirbkite pakuotes, ne\u0161vaistykite maisto, taupykite vanden\u012f ir energij\u0105.<\/li>\n<\/ul>\n<p>&nbsp;<\/p>\n<h2>TAIP GAL\u0116SITE TVARIAU TVARKYTIS NAMUOSE<\/h2>\n<p>Kai ruo\u0161iate ry\u017eius, skatiname atsi\u017evelgti \u012f \u0161iuos dalykus. Net ir ma\u017ei veiksmai yra svarb\u016bs.<\/p>\n<ol>\n<li>Perdirbti. Ry\u017eiams i\u0161mesti naudokite perdirbt\u0105 popieri\u0173.<\/li>\n<li>Taupykite vanden\u012f. 100 % perdirbtas vanduo. Vanden\u012f naudokite atsargiai ir visada patikrinkite, kiek jo reikia pagal recept\u0105.<\/li>\n<li>Taupykite energij\u0105. Laikykit\u0117s ant pakuot\u0117s pateikt\u0173 gaminimo instrukcij\u0173. Naudokite tinkamo dyd\u017eio kepimo ind\u0105, kurio skersmuo b\u016bt\u0173 ne didesnis nei virtuvinio puodo skersmuo. Pasinaudokite pa\u0161ildymo funkcija ir i\u0161junkite kaitlent\u0119 likus kelioms minut\u0117ms iki ry\u017ei\u0173 paruo\u0161imo.<\/li>\n<li>Venkite \u0161vaistyti maist\u0105. Visada i\u0161virkite reikiam\u0105 ry\u017ei\u0173 kiek\u012f. Jei turite ry\u017ei\u0173 liku\u010di\u0173, panaudokite juos su kitu maistu.<\/li>\n<\/ol>\n<p><img loading=\"lazy\" decoding=\"async\" class=\"alignnone size-full wp-image-2571\" src=\"https:\/\/risellabaltics.com\/wp-content\/uploads\/2021\/05\/sostenibilidad-risella.jpg\" alt=\"sustainability\" width=\"1024\" height=\"576\" srcset=\"https:\/\/risellabaltics.com\/wp-content\/uploads\/2021\/05\/sostenibilidad-risella.jpg 1024w, https:\/\/risellabaltics.com\/wp-content\/uploads\/2021\/05\/sostenibilidad-risella-640x360.jpg 640w, https:\/\/risellabaltics.com\/wp-content\/uploads\/2021\/05\/sostenibilidad-risella-320x180.jpg 320w\" sizes=\"auto, (max-width: 1024px) 100vw, 1024px\" \/><\/p>\n","protected":false},"excerpt":{"rendered":"<p>&#8222;RISELLA&#8221; R\u016aPINASI APLINKA &#8222;Risella&#8221; yra aplink\u0105 tausojanti \u012fmon\u0117. Esame \u012fsipareigoj\u0119 laikytis JT darnaus vystymosi programos, kad m\u016bs\u0173 planeta b\u016bt\u0173 \u0161varesn\u0117 ir sveikesn\u0117. RY\u017dI\u0172 GYVAVIMO CIKLAS &#8222;Risella&#8221; ry\u017ei\u0173 gyvavimo cikl\u0105 sudaro trys pagrindiniai etapai Auginimas. \u0160is etapas apima visk\u0105, kas susij\u0119 su pirmaisiais ry\u017ei\u0173 auginimo \u016bkininko laukuose etapais: s\u0117j\u0105, dr\u0117kinim\u0105, tr\u0119\u0161im\u0105, apsaug\u0105, derliaus nu\u0117mim\u0105 ir ve\u017eim\u0105 [&hellip;]<\/p>\n","protected":false},"author":5,"featured_media":0,"parent":0,"menu_order":0,"comment_status":"closed","ping_status":"closed","template":"","meta":{"_acf_changed":false,"footnotes":""},"class_list":["post-2537","page","type-page","status-publish","hentry"],"acf":[],"yoast_head":"<!-- This site is optimized with the Yoast SEO plugin v27.5 - https:\/\/yoast.com\/product\/yoast-seo-wordpress\/ -->\n<title>Tvarumas - Risella Baltics<\/title>\n<meta name=\"description\" content=\"&quot;Risella&quot; yra aplink\u0105 tausojanti \u012fmon\u0117. Esame \u012fsipareigoj\u0119 laikytis JT darnaus vystymosi programos, kad m\u016bs\u0173 planeta b\u016bt\u0173 \u0161varesn\u0117 ir sveikesn\u0117.\" \/>\n<meta name=\"robots\" content=\"index, follow, max-snippet:-1, max-image-preview:large, max-video-preview:-1\" \/>\n<link rel=\"canonical\" href=\"https:\/\/risellabaltics.com\/lt\/tvarumas\/\" \/>\n<meta property=\"og:locale\" content=\"lt_LT\" \/>\n<meta property=\"og:type\" content=\"article\" \/>\n<meta property=\"og:title\" content=\"Tvarumas - Risella Baltics\" \/>\n<meta property=\"og:description\" content=\"&quot;Risella&quot; yra aplink\u0105 tausojanti \u012fmon\u0117. Esame \u012fsipareigoj\u0119 laikytis JT darnaus vystymosi programos, kad m\u016bs\u0173 planeta b\u016bt\u0173 \u0161varesn\u0117 ir sveikesn\u0117.\" \/>\n<meta property=\"og:url\" content=\"https:\/\/risellabaltics.com\/lt\/tvarumas\/\" \/>\n<meta property=\"og:site_name\" content=\"Risella Baltics\" \/>\n<meta property=\"article:modified_time\" content=\"2021-07-26T09:41:37+00:00\" \/>\n<meta property=\"og:image\" content=\"https:\/\/risellabaltics.com\/wp-content\/uploads\/2021\/05\/sostenibilidad-risella.jpg\" \/>\n<meta name=\"twitter:card\" content=\"summary_large_image\" \/>\n<meta name=\"twitter:label1\" content=\"Est. reading time\" \/>\n\t<meta name=\"twitter:data1\" content=\"1 minut\u0117\" \/>\n<script type=\"application\/ld+json\" class=\"yoast-schema-graph\">{\"@context\":\"https:\\\/\\\/schema.org\",\"@graph\":[{\"@type\":\"WebPage\",\"@id\":\"https:\\\/\\\/risellabaltics.com\\\/lt\\\/tvarumas\\\/\",\"url\":\"https:\\\/\\\/risellabaltics.com\\\/lt\\\/tvarumas\\\/\",\"name\":\"Tvarumas - Risella Baltics\",\"isPartOf\":{\"@id\":\"https:\\\/\\\/risellabaltics.com\\\/lt\\\/#website\"},\"primaryImageOfPage\":{\"@id\":\"https:\\\/\\\/risellabaltics.com\\\/lt\\\/tvarumas\\\/#primaryimage\"},\"image\":{\"@id\":\"https:\\\/\\\/risellabaltics.com\\\/lt\\\/tvarumas\\\/#primaryimage\"},\"thumbnailUrl\":\"https:\\\/\\\/risellabaltics.com\\\/wp-content\\\/uploads\\\/2021\\\/05\\\/sostenibilidad-risella.jpg\",\"datePublished\":\"2019-11-22T14:30:57+00:00\",\"dateModified\":\"2021-07-26T09:41:37+00:00\",\"description\":\"\\\"Risella\\\" yra aplink\u0105 tausojanti \u012fmon\u0117. Esame \u012fsipareigoj\u0119 laikytis JT darnaus vystymosi programos, kad m\u016bs\u0173 planeta b\u016bt\u0173 \u0161varesn\u0117 ir sveikesn\u0117.\",\"breadcrumb\":{\"@id\":\"https:\\\/\\\/risellabaltics.com\\\/lt\\\/tvarumas\\\/#breadcrumb\"},\"inLanguage\":\"lt-LT\",\"potentialAction\":[{\"@type\":\"ReadAction\",\"target\":[\"https:\\\/\\\/risellabaltics.com\\\/lt\\\/tvarumas\\\/\"]}]},{\"@type\":\"ImageObject\",\"inLanguage\":\"lt-LT\",\"@id\":\"https:\\\/\\\/risellabaltics.com\\\/lt\\\/tvarumas\\\/#primaryimage\",\"url\":\"https:\\\/\\\/risellabaltics.com\\\/wp-content\\\/uploads\\\/2021\\\/05\\\/sostenibilidad-risella.jpg\",\"contentUrl\":\"https:\\\/\\\/risellabaltics.com\\\/wp-content\\\/uploads\\\/2021\\\/05\\\/sostenibilidad-risella.jpg\"},{\"@type\":\"BreadcrumbList\",\"@id\":\"https:\\\/\\\/risellabaltics.com\\\/lt\\\/tvarumas\\\/#breadcrumb\",\"itemListElement\":[{\"@type\":\"ListItem\",\"position\":1,\"name\":\"Home\",\"item\":\"https:\\\/\\\/risellabaltics.com\\\/lt\\\/\"},{\"@type\":\"ListItem\",\"position\":2,\"name\":\"Tvarumas\"}]},{\"@type\":\"WebSite\",\"@id\":\"https:\\\/\\\/risellabaltics.com\\\/lt\\\/#website\",\"url\":\"https:\\\/\\\/risellabaltics.com\\\/lt\\\/\",\"name\":\"Risella Baltics\",\"description\":\"\",\"publisher\":{\"@id\":\"https:\\\/\\\/risellabaltics.com\\\/lt\\\/#organization\"},\"potentialAction\":[{\"@type\":\"SearchAction\",\"target\":{\"@type\":\"EntryPoint\",\"urlTemplate\":\"https:\\\/\\\/risellabaltics.com\\\/lt\\\/?s={search_term_string}\"},\"query-input\":{\"@type\":\"PropertyValueSpecification\",\"valueRequired\":true,\"valueName\":\"search_term_string\"}}],\"inLanguage\":\"lt-LT\"},{\"@type\":\"Organization\",\"@id\":\"https:\\\/\\\/risellabaltics.com\\\/lt\\\/#organization\",\"name\":\"Risella\",\"url\":\"https:\\\/\\\/risellabaltics.com\\\/lt\\\/\",\"logo\":{\"@type\":\"ImageObject\",\"inLanguage\":\"lt-LT\",\"@id\":\"https:\\\/\\\/risellabaltics.com\\\/lt\\\/#\\\/schema\\\/logo\\\/image\\\/\",\"url\":\"https:\\\/\\\/risellabaltics.com\\\/wp-content\\\/uploads\\\/2021\\\/03\\\/logo-risella.png\",\"contentUrl\":\"https:\\\/\\\/risellabaltics.com\\\/wp-content\\\/uploads\\\/2021\\\/03\\\/logo-risella.png\",\"width\":308,\"height\":177,\"caption\":\"Risella\"},\"image\":{\"@id\":\"https:\\\/\\\/risellabaltics.com\\\/lt\\\/#\\\/schema\\\/logo\\\/image\\\/\"}}]}<\/script>\n<!-- \/ Yoast SEO plugin. -->","yoast_head_json":{"title":"Tvarumas - Risella Baltics","description":"\"Risella\" yra aplink\u0105 tausojanti \u012fmon\u0117. Esame \u012fsipareigoj\u0119 laikytis JT darnaus vystymosi programos, kad m\u016bs\u0173 planeta b\u016bt\u0173 \u0161varesn\u0117 ir sveikesn\u0117.","robots":{"index":"index","follow":"follow","max-snippet":"max-snippet:-1","max-image-preview":"max-image-preview:large","max-video-preview":"max-video-preview:-1"},"canonical":"https:\/\/risellabaltics.com\/lt\/tvarumas\/","og_locale":"lt_LT","og_type":"article","og_title":"Tvarumas - Risella Baltics","og_description":"\"Risella\" yra aplink\u0105 tausojanti \u012fmon\u0117. Esame \u012fsipareigoj\u0119 laikytis JT darnaus vystymosi programos, kad m\u016bs\u0173 planeta b\u016bt\u0173 \u0161varesn\u0117 ir sveikesn\u0117.","og_url":"https:\/\/risellabaltics.com\/lt\/tvarumas\/","og_site_name":"Risella Baltics","article_modified_time":"2021-07-26T09:41:37+00:00","og_image":[{"url":"https:\/\/risellabaltics.com\/wp-content\/uploads\/2021\/05\/sostenibilidad-risella.jpg","type":"","width":"","height":""}],"twitter_card":"summary_large_image","twitter_misc":{"Est. reading time":"1 minut\u0117"},"schema":{"@context":"https:\/\/schema.org","@graph":[{"@type":"WebPage","@id":"https:\/\/risellabaltics.com\/lt\/tvarumas\/","url":"https:\/\/risellabaltics.com\/lt\/tvarumas\/","name":"Tvarumas - Risella Baltics","isPartOf":{"@id":"https:\/\/risellabaltics.com\/lt\/#website"},"primaryImageOfPage":{"@id":"https:\/\/risellabaltics.com\/lt\/tvarumas\/#primaryimage"},"image":{"@id":"https:\/\/risellabaltics.com\/lt\/tvarumas\/#primaryimage"},"thumbnailUrl":"https:\/\/risellabaltics.com\/wp-content\/uploads\/2021\/05\/sostenibilidad-risella.jpg","datePublished":"2019-11-22T14:30:57+00:00","dateModified":"2021-07-26T09:41:37+00:00","description":"\"Risella\" yra aplink\u0105 tausojanti \u012fmon\u0117. Esame \u012fsipareigoj\u0119 laikytis JT darnaus vystymosi programos, kad m\u016bs\u0173 planeta b\u016bt\u0173 \u0161varesn\u0117 ir sveikesn\u0117.","breadcrumb":{"@id":"https:\/\/risellabaltics.com\/lt\/tvarumas\/#breadcrumb"},"inLanguage":"lt-LT","potentialAction":[{"@type":"ReadAction","target":["https:\/\/risellabaltics.com\/lt\/tvarumas\/"]}]},{"@type":"ImageObject","inLanguage":"lt-LT","@id":"https:\/\/risellabaltics.com\/lt\/tvarumas\/#primaryimage","url":"https:\/\/risellabaltics.com\/wp-content\/uploads\/2021\/05\/sostenibilidad-risella.jpg","contentUrl":"https:\/\/risellabaltics.com\/wp-content\/uploads\/2021\/05\/sostenibilidad-risella.jpg"},{"@type":"BreadcrumbList","@id":"https:\/\/risellabaltics.com\/lt\/tvarumas\/#breadcrumb","itemListElement":[{"@type":"ListItem","position":1,"name":"Home","item":"https:\/\/risellabaltics.com\/lt\/"},{"@type":"ListItem","position":2,"name":"Tvarumas"}]},{"@type":"WebSite","@id":"https:\/\/risellabaltics.com\/lt\/#website","url":"https:\/\/risellabaltics.com\/lt\/","name":"Risella Baltics","description":"","publisher":{"@id":"https:\/\/risellabaltics.com\/lt\/#organization"},"potentialAction":[{"@type":"SearchAction","target":{"@type":"EntryPoint","urlTemplate":"https:\/\/risellabaltics.com\/lt\/?s={search_term_string}"},"query-input":{"@type":"PropertyValueSpecification","valueRequired":true,"valueName":"search_term_string"}}],"inLanguage":"lt-LT"},{"@type":"Organization","@id":"https:\/\/risellabaltics.com\/lt\/#organization","name":"Risella","url":"https:\/\/risellabaltics.com\/lt\/","logo":{"@type":"ImageObject","inLanguage":"lt-LT","@id":"https:\/\/risellabaltics.com\/lt\/#\/schema\/logo\/image\/","url":"https:\/\/risellabaltics.com\/wp-content\/uploads\/2021\/03\/logo-risella.png","contentUrl":"https:\/\/risellabaltics.com\/wp-content\/uploads\/2021\/03\/logo-risella.png","width":308,"height":177,"caption":"Risella"},"image":{"@id":"https:\/\/risellabaltics.com\/lt\/#\/schema\/logo\/image\/"}}]}},"_links":{"self":[{"href":"https:\/\/risellabaltics.com\/lt\/wp-json\/wp\/v2\/pages\/2537","targetHints":{"allow":["GET"]}}],"collection":[{"href":"https:\/\/risellabaltics.com\/lt\/wp-json\/wp\/v2\/pages"}],"about":[{"href":"https:\/\/risellabaltics.com\/lt\/wp-json\/wp\/v2\/types\/page"}],"author":[{"embeddable":true,"href":"https:\/\/risellabaltics.com\/lt\/wp-json\/wp\/v2\/users\/5"}],"replies":[{"embeddable":true,"href":"https:\/\/risellabaltics.com\/lt\/wp-json\/wp\/v2\/comments?post=2537"}],"version-history":[{"count":3,"href":"https:\/\/risellabaltics.com\/lt\/wp-json\/wp\/v2\/pages\/2537\/revisions"}],"predecessor-version":[{"id":2733,"href":"https:\/\/risellabaltics.com\/lt\/wp-json\/wp\/v2\/pages\/2537\/revisions\/2733"}],"wp:attachment":[{"href":"https:\/\/risellabaltics.com\/lt\/wp-json\/wp\/v2\/media?parent=2537"}],"curies":[{"name":"wp","href":"https:\/\/api.w.org\/{rel}","templated":true}]}}