{"id":2530,"date":"2016-01-20T15:32:36","date_gmt":"2016-01-20T13:32:36","guid":{"rendered":"https:\/\/risellabaltics.com\/riisinapunaited\/"},"modified":"2021-07-26T12:29:45","modified_gmt":"2021-07-26T09:29:45","slug":"patarimai-del-ryziu","status":"publish","type":"page","link":"https:\/\/risellabaltics.com\/lt\/patarimai-del-ryziu\/","title":{"rendered":"Patarimai d\u0117l ry\u017ei\u0173"},"content":{"rendered":"<h1>INFORMACIJA APIE RY\u017dIUS<\/h1>\n<p>Ry\u017eiai (<em>Oryza sativa<\/em>) yra viena svarbiausi\u0173 gr\u016bdini\u0173 kult\u016br\u0173 \u017eem\u0117je. Ry\u017eiai geriausiai auga musoninio klimato zonose, tod\u0117l jie yra viena svarbiausi\u0173 gr\u016bdini\u0173 kult\u016br\u0173, ypa\u010d Piet\u0173 ir Ryt\u0173 Azijoje. Europoje ji daugiausia auginama \u0160iaur\u0117s Italijoje ir Ispanijoje, taip pat Pranc\u016bzijos Kamar\u017eos regione. Dauguma \u201eRisella\u201c ry\u017ei\u0173 auginami Ispanijoje.<\/p>\n<h2>KOKYB\u0116S PA\u017dADAS<\/h2>\n<p>\u201eRisella\u201c ry\u017eiai gaminami i\u0161 kruop\u0161\u010diai atrinkt\u0173 ry\u017ei\u0173. M\u016bs\u0173 gaminiai yra grie\u017etai kontroliuojami, kad gal\u0117tume u\u017etikrinti auk\u0161\u010diausios kokyb\u0117s ry\u017ei\u0173 kokyb\u0119 ir pastovum\u0105. \u201eRisella\u201c si\u016blo plat\u0173 produkt\u0173 asortiment\u0105, tinkant\u012f bet kokiai dietai ir skoniui. Nuolat pristatome naujus ry\u017ei\u0173 produktus, pavyzd\u017eiui, sveikus ir madingus ry\u017ei\u0173 ir gr\u016bd\u0173 mi\u0161inius.<\/p>\n<h2>RY\u017dI\u0172 PRODUKTAI<\/h2>\n<p>Ry\u017eiai pagal savo form\u0105 skirstomi \u012f tris pagrindines r\u016b\u0161is: trumpagr\u016bd\u017eius arba apvalius, vidutinio dyd\u017eio ir ilgagr\u016bd\u017eius.<\/p>\n<p>Rudieji ry\u017eiai, arba viso gr\u016bdo ry\u017eiai, dar vadinami luk\u0161tentais arba krovininiais ry\u017eiais, ta\u010diau jie i\u0161laiko savo luobel\u0119 ir vitaminus bei mineralines med\u017eiagas.<\/p>\n<p>Tams\u016bs ry\u017eiai yra \u0161velniai \u0161lifuoti. J\u0173 i\u0161orinis luk\u0161tas pa\u0161alintas, tod\u0117l jie subr\u0119sta \u0161iek tiek grei\u010diau nei viso gr\u016bdo ry\u017eiai. Kai nuo \u017ealiavini\u0173 ry\u017ei\u0173 pa\u0161alinamas luk\u0161tas, pa\u0161alinama luobel\u0117, s\u0117kl\u0173 apvalkalas ir gemalas, kad b\u016bt\u0173 gauti poliruoti (balti) ry\u017eiai.<\/p>\n<p>Garuose virti ry\u017eiai (i\u0161 dalies virti) prie\u0161 malim\u0105 i\u0161 anksto apdorojami, kad dalis vitamin\u0173, esan\u010di\u0173 pavir\u0161iniame sluoksnyje, kar\u0161tuose garuose \u012fsigert\u0173 \u012f gr\u016bdus. Tuo pat metu pavir\u0161iuje esantis krakmolas subr\u0119sta ir ry\u017eiai i\u0161verdami i\u0161lieka \u0161iurk\u0161t\u016bs. Poliruotuose garuose virtuose ry\u017eiuose (baltuosiuose ry\u017eiuose) yra 60\u201380\u00a0% viso gr\u016bdo ry\u017ei\u0173 vitamin\u0173.<\/p>\n<h2>PATARIMAI D\u0116L RY\u017dI\u0172<\/h2>\n<p>\u2013 Ar norite, kad ry\u017eiai b\u016bt\u0173 virti garuose? I\u0161virkite juos dideliame kiekyje vandens ir atsargiai pa\u0161alinkite vandens pertekli\u0173.<\/p>\n<p>\u2013 Rizotui ir paelijai ruo\u0161kite \u201eRisella risotto\u201c ry\u017eius arba ilgagr\u016bd\u017eius ry\u017eius tra\u0161kiame vi\u0161tienos arba dar\u017eovi\u0173 sultinyje. Supilkite sultin\u012f ir leiskite jam po truput\u012f \u012fsigerti \u012f ry\u017eius per vis\u0105 virimo proces\u0105.<\/p>\n<p>\u2013 Salotas paverskite maistingesn\u0117mis, prid\u0117j\u0119 \u201eRisella\u201c \u012fvairi\u0173 dar\u017eovi\u0173 mi\u0161inio arba ry\u017ei\u0173. Paruo\u0161tus ry\u017eius nuplaukite v\u0117siu vandeniu ir pagal skon\u012f pagardinkite prieskoniais! Pagal skon\u012f \u012fpilkite alyvuogi\u0173 aliejaus, citrin\u0173 sul\u010di\u0173 arba acto. Salot\u0173 ry\u017eiai d\u0117l agurk\u0173 \u012fgaus gra\u017ei\u0105 spalv\u0105.<\/p>\n<p>\u2013 Kad skonis b\u016bt\u0173 puikus, garnyro ry\u017eius i\u0161virkite vi\u0161tienos sultinyje. Druskos nereikia.<\/p>\n<p>\u2013 Ry\u017eius pagardinkite \u012f verdant\u012f vanden\u012f \u012fb\u0117r\u0119, pavyzd\u017eiui, \u0161vie\u017ei\u0173 \u017eoleli\u0173, cinamono lazdeli\u0173 arba citrin\u0173 \u017eieveli\u0173.<\/p>\n<p>\u2013 Pabandykite ry\u017eius prie\u0161 supildami skyst\u012f pakepinti svieste, kad patiekalas \u012fgaut\u0173 rie\u0161ut\u0173 skon\u012f! Tai ypa\u010d tinka tamsiems ry\u017eiams ir \u012fvairi\u0173 gr\u016bd\u0173 mi\u0161iniams.<\/p>\n<p><img loading=\"lazy\" decoding=\"async\" class=\"alignnone size-full wp-image-2212\" src=\"https:\/\/risellabaltics.com\/wp-content\/uploads\/2016\/01\/riisia_kasvamassa-1.png\" alt=\"riisia_kasvamassa\" width=\"1280\" height=\"629\" srcset=\"https:\/\/risellabaltics.com\/wp-content\/uploads\/2016\/01\/riisia_kasvamassa-1.png 1280w, https:\/\/risellabaltics.com\/wp-content\/uploads\/2016\/01\/riisia_kasvamassa-1-640x315.png 640w, https:\/\/risellabaltics.com\/wp-content\/uploads\/2016\/01\/riisia_kasvamassa-1-320x157.png 320w\" sizes=\"auto, (max-width: 1280px) 100vw, 1280px\" \/><\/p>\n","protected":false},"excerpt":{"rendered":"<p>INFORMACIJA APIE RY\u017dIUS Ry\u017eiai (Oryza sativa) yra viena svarbiausi\u0173 gr\u016bdini\u0173 kult\u016br\u0173 \u017eem\u0117je. Ry\u017eiai geriausiai auga musoninio klimato zonose, tod\u0117l jie yra viena svarbiausi\u0173 gr\u016bdini\u0173 kult\u016br\u0173, ypa\u010d Piet\u0173 ir Ryt\u0173 Azijoje. Europoje ji daugiausia auginama \u0160iaur\u0117s Italijoje ir Ispanijoje, taip pat Pranc\u016bzijos Kamar\u017eos regione. Dauguma \u201eRisella\u201c ry\u017ei\u0173 auginami Ispanijoje. KOKYB\u0116S PA\u017dADAS \u201eRisella\u201c ry\u017eiai gaminami i\u0161 kruop\u0161\u010diai [&hellip;]<\/p>\n","protected":false},"author":5,"featured_media":0,"parent":0,"menu_order":0,"comment_status":"closed","ping_status":"closed","template":"","meta":{"_acf_changed":false,"footnotes":""},"class_list":["post-2530","page","type-page","status-publish","hentry"],"acf":[],"yoast_head":"<!-- This site is optimized with the Yoast SEO plugin v27.5 - https:\/\/yoast.com\/product\/yoast-seo-wordpress\/ -->\n<title>Patarimai d\u0117l ry\u017ei\u0173 - Risella Baltics<\/title>\n<meta name=\"description\" content=\"Ry\u017eiai (Oryza sativa) yra viena svarbiausi\u0173 gr\u016bdini\u0173 kult\u016br\u0173 \u017eem\u0117je. Ry\u017eiai geriausiai auga musoninio klimato zonose, tod\u0117l jie yra viena svarbiausi\u0173 gr\u016bdini\u0173 kult\u016br\u0173, ypa\u010d Piet\u0173 ir Ryt\u0173 Azijoje.\" \/>\n<meta name=\"robots\" content=\"index, follow, max-snippet:-1, max-image-preview:large, max-video-preview:-1\" \/>\n<link rel=\"canonical\" href=\"https:\/\/risellabaltics.com\/lt\/patarimai-del-ryziu\/\" \/>\n<meta property=\"og:locale\" content=\"lt_LT\" \/>\n<meta property=\"og:type\" content=\"article\" \/>\n<meta property=\"og:title\" content=\"Patarimai d\u0117l ry\u017ei\u0173 - Risella Baltics\" \/>\n<meta property=\"og:description\" content=\"Ry\u017eiai (Oryza sativa) yra viena svarbiausi\u0173 gr\u016bdini\u0173 kult\u016br\u0173 \u017eem\u0117je. Ry\u017eiai geriausiai auga musoninio klimato zonose, tod\u0117l jie yra viena svarbiausi\u0173 gr\u016bdini\u0173 kult\u016br\u0173, ypa\u010d Piet\u0173 ir Ryt\u0173 Azijoje.\" \/>\n<meta property=\"og:url\" content=\"https:\/\/risellabaltics.com\/lt\/patarimai-del-ryziu\/\" \/>\n<meta property=\"og:site_name\" content=\"Risella Baltics\" \/>\n<meta property=\"article:modified_time\" content=\"2021-07-26T09:29:45+00:00\" \/>\n<meta property=\"og:image\" content=\"https:\/\/risellabaltics.com\/wp-content\/uploads\/2016\/01\/riisia_kasvamassa-1.png\" \/>\n<meta name=\"twitter:card\" content=\"summary_large_image\" \/>\n<meta name=\"twitter:label1\" content=\"Est. reading time\" \/>\n\t<meta name=\"twitter:data1\" content=\"2 minut\u0117s\" \/>\n<script type=\"application\/ld+json\" class=\"yoast-schema-graph\">{\"@context\":\"https:\\\/\\\/schema.org\",\"@graph\":[{\"@type\":\"WebPage\",\"@id\":\"https:\\\/\\\/risellabaltics.com\\\/lt\\\/patarimai-del-ryziu\\\/\",\"url\":\"https:\\\/\\\/risellabaltics.com\\\/lt\\\/patarimai-del-ryziu\\\/\",\"name\":\"Patarimai d\u0117l ry\u017ei\u0173 - Risella Baltics\",\"isPartOf\":{\"@id\":\"https:\\\/\\\/risellabaltics.com\\\/lt\\\/#website\"},\"primaryImageOfPage\":{\"@id\":\"https:\\\/\\\/risellabaltics.com\\\/lt\\\/patarimai-del-ryziu\\\/#primaryimage\"},\"image\":{\"@id\":\"https:\\\/\\\/risellabaltics.com\\\/lt\\\/patarimai-del-ryziu\\\/#primaryimage\"},\"thumbnailUrl\":\"https:\\\/\\\/risellabaltics.com\\\/wp-content\\\/uploads\\\/2016\\\/01\\\/riisia_kasvamassa-1.png\",\"datePublished\":\"2016-01-20T13:32:36+00:00\",\"dateModified\":\"2021-07-26T09:29:45+00:00\",\"description\":\"Ry\u017eiai (Oryza sativa) yra viena svarbiausi\u0173 gr\u016bdini\u0173 kult\u016br\u0173 \u017eem\u0117je. Ry\u017eiai geriausiai auga musoninio klimato zonose, tod\u0117l jie yra viena svarbiausi\u0173 gr\u016bdini\u0173 kult\u016br\u0173, ypa\u010d Piet\u0173 ir Ryt\u0173 Azijoje.\",\"breadcrumb\":{\"@id\":\"https:\\\/\\\/risellabaltics.com\\\/lt\\\/patarimai-del-ryziu\\\/#breadcrumb\"},\"inLanguage\":\"lt-LT\",\"potentialAction\":[{\"@type\":\"ReadAction\",\"target\":[\"https:\\\/\\\/risellabaltics.com\\\/lt\\\/patarimai-del-ryziu\\\/\"]}]},{\"@type\":\"ImageObject\",\"inLanguage\":\"lt-LT\",\"@id\":\"https:\\\/\\\/risellabaltics.com\\\/lt\\\/patarimai-del-ryziu\\\/#primaryimage\",\"url\":\"https:\\\/\\\/risellabaltics.com\\\/wp-content\\\/uploads\\\/2016\\\/01\\\/riisia_kasvamassa-1.png\",\"contentUrl\":\"https:\\\/\\\/risellabaltics.com\\\/wp-content\\\/uploads\\\/2016\\\/01\\\/riisia_kasvamassa-1.png\"},{\"@type\":\"BreadcrumbList\",\"@id\":\"https:\\\/\\\/risellabaltics.com\\\/lt\\\/patarimai-del-ryziu\\\/#breadcrumb\",\"itemListElement\":[{\"@type\":\"ListItem\",\"position\":1,\"name\":\"Home\",\"item\":\"https:\\\/\\\/risellabaltics.com\\\/lt\\\/\"},{\"@type\":\"ListItem\",\"position\":2,\"name\":\"Patarimai d\u0117l ry\u017ei\u0173\"}]},{\"@type\":\"WebSite\",\"@id\":\"https:\\\/\\\/risellabaltics.com\\\/lt\\\/#website\",\"url\":\"https:\\\/\\\/risellabaltics.com\\\/lt\\\/\",\"name\":\"Risella Baltics\",\"description\":\"\",\"publisher\":{\"@id\":\"https:\\\/\\\/risellabaltics.com\\\/lt\\\/#organization\"},\"potentialAction\":[{\"@type\":\"SearchAction\",\"target\":{\"@type\":\"EntryPoint\",\"urlTemplate\":\"https:\\\/\\\/risellabaltics.com\\\/lt\\\/?s={search_term_string}\"},\"query-input\":{\"@type\":\"PropertyValueSpecification\",\"valueRequired\":true,\"valueName\":\"search_term_string\"}}],\"inLanguage\":\"lt-LT\"},{\"@type\":\"Organization\",\"@id\":\"https:\\\/\\\/risellabaltics.com\\\/lt\\\/#organization\",\"name\":\"Risella\",\"url\":\"https:\\\/\\\/risellabaltics.com\\\/lt\\\/\",\"logo\":{\"@type\":\"ImageObject\",\"inLanguage\":\"lt-LT\",\"@id\":\"https:\\\/\\\/risellabaltics.com\\\/lt\\\/#\\\/schema\\\/logo\\\/image\\\/\",\"url\":\"https:\\\/\\\/risellabaltics.com\\\/wp-content\\\/uploads\\\/2021\\\/03\\\/logo-risella.png\",\"contentUrl\":\"https:\\\/\\\/risellabaltics.com\\\/wp-content\\\/uploads\\\/2021\\\/03\\\/logo-risella.png\",\"width\":308,\"height\":177,\"caption\":\"Risella\"},\"image\":{\"@id\":\"https:\\\/\\\/risellabaltics.com\\\/lt\\\/#\\\/schema\\\/logo\\\/image\\\/\"}}]}<\/script>\n<!-- \/ Yoast SEO plugin. -->","yoast_head_json":{"title":"Patarimai d\u0117l ry\u017ei\u0173 - Risella Baltics","description":"Ry\u017eiai (Oryza sativa) yra viena svarbiausi\u0173 gr\u016bdini\u0173 kult\u016br\u0173 \u017eem\u0117je. Ry\u017eiai geriausiai auga musoninio klimato zonose, tod\u0117l jie yra viena svarbiausi\u0173 gr\u016bdini\u0173 kult\u016br\u0173, ypa\u010d Piet\u0173 ir Ryt\u0173 Azijoje.","robots":{"index":"index","follow":"follow","max-snippet":"max-snippet:-1","max-image-preview":"max-image-preview:large","max-video-preview":"max-video-preview:-1"},"canonical":"https:\/\/risellabaltics.com\/lt\/patarimai-del-ryziu\/","og_locale":"lt_LT","og_type":"article","og_title":"Patarimai d\u0117l ry\u017ei\u0173 - Risella Baltics","og_description":"Ry\u017eiai (Oryza sativa) yra viena svarbiausi\u0173 gr\u016bdini\u0173 kult\u016br\u0173 \u017eem\u0117je. Ry\u017eiai geriausiai auga musoninio klimato zonose, tod\u0117l jie yra viena svarbiausi\u0173 gr\u016bdini\u0173 kult\u016br\u0173, ypa\u010d Piet\u0173 ir Ryt\u0173 Azijoje.","og_url":"https:\/\/risellabaltics.com\/lt\/patarimai-del-ryziu\/","og_site_name":"Risella Baltics","article_modified_time":"2021-07-26T09:29:45+00:00","og_image":[{"url":"https:\/\/risellabaltics.com\/wp-content\/uploads\/2016\/01\/riisia_kasvamassa-1.png","type":"","width":"","height":""}],"twitter_card":"summary_large_image","twitter_misc":{"Est. reading time":"2 minut\u0117s"},"schema":{"@context":"https:\/\/schema.org","@graph":[{"@type":"WebPage","@id":"https:\/\/risellabaltics.com\/lt\/patarimai-del-ryziu\/","url":"https:\/\/risellabaltics.com\/lt\/patarimai-del-ryziu\/","name":"Patarimai d\u0117l ry\u017ei\u0173 - Risella Baltics","isPartOf":{"@id":"https:\/\/risellabaltics.com\/lt\/#website"},"primaryImageOfPage":{"@id":"https:\/\/risellabaltics.com\/lt\/patarimai-del-ryziu\/#primaryimage"},"image":{"@id":"https:\/\/risellabaltics.com\/lt\/patarimai-del-ryziu\/#primaryimage"},"thumbnailUrl":"https:\/\/risellabaltics.com\/wp-content\/uploads\/2016\/01\/riisia_kasvamassa-1.png","datePublished":"2016-01-20T13:32:36+00:00","dateModified":"2021-07-26T09:29:45+00:00","description":"Ry\u017eiai (Oryza sativa) yra viena svarbiausi\u0173 gr\u016bdini\u0173 kult\u016br\u0173 \u017eem\u0117je. Ry\u017eiai geriausiai auga musoninio klimato zonose, tod\u0117l jie yra viena svarbiausi\u0173 gr\u016bdini\u0173 kult\u016br\u0173, ypa\u010d Piet\u0173 ir Ryt\u0173 Azijoje.","breadcrumb":{"@id":"https:\/\/risellabaltics.com\/lt\/patarimai-del-ryziu\/#breadcrumb"},"inLanguage":"lt-LT","potentialAction":[{"@type":"ReadAction","target":["https:\/\/risellabaltics.com\/lt\/patarimai-del-ryziu\/"]}]},{"@type":"ImageObject","inLanguage":"lt-LT","@id":"https:\/\/risellabaltics.com\/lt\/patarimai-del-ryziu\/#primaryimage","url":"https:\/\/risellabaltics.com\/wp-content\/uploads\/2016\/01\/riisia_kasvamassa-1.png","contentUrl":"https:\/\/risellabaltics.com\/wp-content\/uploads\/2016\/01\/riisia_kasvamassa-1.png"},{"@type":"BreadcrumbList","@id":"https:\/\/risellabaltics.com\/lt\/patarimai-del-ryziu\/#breadcrumb","itemListElement":[{"@type":"ListItem","position":1,"name":"Home","item":"https:\/\/risellabaltics.com\/lt\/"},{"@type":"ListItem","position":2,"name":"Patarimai d\u0117l ry\u017ei\u0173"}]},{"@type":"WebSite","@id":"https:\/\/risellabaltics.com\/lt\/#website","url":"https:\/\/risellabaltics.com\/lt\/","name":"Risella Baltics","description":"","publisher":{"@id":"https:\/\/risellabaltics.com\/lt\/#organization"},"potentialAction":[{"@type":"SearchAction","target":{"@type":"EntryPoint","urlTemplate":"https:\/\/risellabaltics.com\/lt\/?s={search_term_string}"},"query-input":{"@type":"PropertyValueSpecification","valueRequired":true,"valueName":"search_term_string"}}],"inLanguage":"lt-LT"},{"@type":"Organization","@id":"https:\/\/risellabaltics.com\/lt\/#organization","name":"Risella","url":"https:\/\/risellabaltics.com\/lt\/","logo":{"@type":"ImageObject","inLanguage":"lt-LT","@id":"https:\/\/risellabaltics.com\/lt\/#\/schema\/logo\/image\/","url":"https:\/\/risellabaltics.com\/wp-content\/uploads\/2021\/03\/logo-risella.png","contentUrl":"https:\/\/risellabaltics.com\/wp-content\/uploads\/2021\/03\/logo-risella.png","width":308,"height":177,"caption":"Risella"},"image":{"@id":"https:\/\/risellabaltics.com\/lt\/#\/schema\/logo\/image\/"}}]}},"_links":{"self":[{"href":"https:\/\/risellabaltics.com\/lt\/wp-json\/wp\/v2\/pages\/2530","targetHints":{"allow":["GET"]}}],"collection":[{"href":"https:\/\/risellabaltics.com\/lt\/wp-json\/wp\/v2\/pages"}],"about":[{"href":"https:\/\/risellabaltics.com\/lt\/wp-json\/wp\/v2\/types\/page"}],"author":[{"embeddable":true,"href":"https:\/\/risellabaltics.com\/lt\/wp-json\/wp\/v2\/users\/5"}],"replies":[{"embeddable":true,"href":"https:\/\/risellabaltics.com\/lt\/wp-json\/wp\/v2\/comments?post=2530"}],"version-history":[{"count":3,"href":"https:\/\/risellabaltics.com\/lt\/wp-json\/wp\/v2\/pages\/2530\/revisions"}],"predecessor-version":[{"id":2732,"href":"https:\/\/risellabaltics.com\/lt\/wp-json\/wp\/v2\/pages\/2530\/revisions\/2732"}],"wp:attachment":[{"href":"https:\/\/risellabaltics.com\/lt\/wp-json\/wp\/v2\/media?parent=2530"}],"curies":[{"name":"wp","href":"https:\/\/api.w.org\/{rel}","templated":true}]}}